{"id":2523,"date":"2025-10-07T10:43:41","date_gmt":"2025-10-07T10:43:41","guid":{"rendered":"https:\/\/vandervorst-art.com\/product\/niet-gecategoriseerd\/van-kleur-naar-vorm-viii\/"},"modified":"2025-10-14T08:59:56","modified_gmt":"2025-10-14T08:59:56","slug":"van-kleur-naar-vorm-viii","status":"publish","type":"product","link":"https:\/\/vandervorst-art.com\/nl\/product\/marino-marini\/van-kleur-naar-vorm-viii\/","title":{"rendered":"Van kleur naar vorm VIII"},"content":{"rendered":"<p><strong>Marino Marini &#8211; Van Kleur naar Vorm VIII <\/strong><br \/>\nKleurenlithografie op Arches papier (met watermerk), 1969.<br \/>\nGedrukt door Mourlot, Parijs, uitgegeven door Soci\u00e9t\u00e9 Internationale d&#8217;Art XXe Si\u00e8cle, Parijs, en L\u00e9on Amiel, New York 1969<br \/>\nGesigneerd in potlood.<br \/>\nOplage: 50, Genummerd 27\/50 in potlood.<br \/>\nPapierformaat: 64,6 x 50,0 cm<br \/>\nLijstformaat: 80,0 x 69,0 cm<br \/>\nIn zeer goede staat.<br \/>\nIngelijst in een houten lijst met 99% uv-werend museumglas.<\/p>\n","protected":false},"excerpt":{"rendered":"<p>Marino Marini &#8211; Van Kleur naar Vorm VIII Kleurenlithografie op Arches papier (met watermerk), 1969. Gedrukt door Mourlot, Parijs, uitgegeven door Soci\u00e9t\u00e9 Internationale d&#8217;Art XXe Si\u00e8cle, Parijs, en L\u00e9on Amiel,&hellip;<\/p>\n","protected":false},"featured_media":2524,"template":"","meta":{"_acf_changed":false,"inline_featured_image":false},"product_brand":[],"product_cat":[87],"product_tag":[],"class_list":{"0":"post-2523","1":"product","2":"type-product","3":"status-publish","4":"has-post-thumbnail","6":"product_cat-marino-marini","7":"product_shipping_class-wereldwijd-ingelijst-medium","9":"first","10":"instock","11":"sold-individually","12":"purchasable","13":"product-type-simple","14":"layout-style-2","15":"col-md-4 col-sm-4 col-xs-6","16":"col-lg-3","17":"product-style-addtocart"},"acf":[],"yoast_head":"<!-- This site is optimized with the Yoast SEO Premium plugin v27.4 (Yoast SEO v27.4) - https:\/\/yoast.com\/product\/yoast-seo-premium-wordpress\/ -->\n<title>Marino Marini - Van kleur naar vorm VIII - Van der Vorst \u2013 Art<\/title>\n<meta name=\"robots\" content=\"index, follow, max-snippet:-1, max-image-preview:large, max-video-preview:-1\" \/>\n<link rel=\"canonical\" href=\"https:\/\/vandervorst-art.com\/nl\/product\/marino-marini\/van-kleur-naar-vorm-viii\/\" \/>\n<meta property=\"og:locale\" content=\"nl_NL\" \/>\n<meta property=\"og:type\" content=\"article\" \/>\n<meta property=\"og:title\" content=\"Van kleur naar vorm VIII\" \/>\n<meta property=\"og:url\" content=\"https:\/\/vandervorst-art.com\/nl\/product\/marino-marini\/van-kleur-naar-vorm-viii\/\" \/>\n<meta property=\"og:site_name\" content=\"Van der Vorst \u2013 Art\" \/>\n<meta property=\"article:modified_time\" content=\"2025-10-14T08:59:56+00:00\" \/>\n<meta property=\"og:image\" content=\"https:\/\/vandervorst-art.com\/wp-content\/uploads\/2025\/10\/IMG_0668-scaled-1.jpg\" \/>\n\t<meta property=\"og:image:width\" content=\"2560\" \/>\n\t<meta property=\"og:image:height\" content=\"2038\" \/>\n\t<meta property=\"og:image:type\" content=\"image\/jpeg\" \/>\n<meta name=\"twitter:card\" content=\"summary_large_image\" \/>\n<meta name=\"twitter:label1\" content=\"Prijs\" \/>\n\t<meta name=\"twitter:data1\" content=\"&euro;&nbsp;2.950\" \/>\n\t<meta name=\"twitter:label2\" content=\"Beschikbaarheid\" \/>\n\t<meta name=\"twitter:data2\" content=\"Op voorraad\" \/>\n<script type=\"application\/ld+json\" class=\"yoast-schema-graph\">{\"@context\":\"https:\\\/\\\/schema.org\",\"@graph\":[{\"@type\":\"WebPage\",\"@id\":\"https:\\\/\\\/vandervorst-art.com\\\/nl\\\/product\\\/marino-marini\\\/van-kleur-naar-vorm-viii\\\/\",\"url\":\"https:\\\/\\\/vandervorst-art.com\\\/nl\\\/product\\\/marino-marini\\\/van-kleur-naar-vorm-viii\\\/\",\"name\":\"Marino Marini - Van kleur naar vorm VIII - Van der Vorst \u2013 Art\",\"isPartOf\":{\"@id\":\"https:\\\/\\\/vandervorst-art.com\\\/nl\\\/#website\"},\"primaryImageOfPage\":{\"@id\":\"https:\\\/\\\/vandervorst-art.com\\\/nl\\\/product\\\/marino-marini\\\/van-kleur-naar-vorm-viii\\\/#primaryimage\"},\"image\":{\"@id\":\"https:\\\/\\\/vandervorst-art.com\\\/nl\\\/product\\\/marino-marini\\\/van-kleur-naar-vorm-viii\\\/#primaryimage\"},\"thumbnailUrl\":\"https:\\\/\\\/vandervorst-art.com\\\/wp-content\\\/uploads\\\/2025\\\/10\\\/IMG_0668-scaled-1.jpg\",\"datePublished\":\"2025-10-07T10:43:41+00:00\",\"dateModified\":\"2025-10-14T08:59:56+00:00\",\"breadcrumb\":{\"@id\":\"https:\\\/\\\/vandervorst-art.com\\\/nl\\\/product\\\/marino-marini\\\/van-kleur-naar-vorm-viii\\\/#breadcrumb\"},\"inLanguage\":\"nl-NL\",\"potentialAction\":[{\"@type\":\"ReadAction\",\"target\":[\"https:\\\/\\\/vandervorst-art.com\\\/nl\\\/product\\\/marino-marini\\\/van-kleur-naar-vorm-viii\\\/\"]}]},{\"@type\":\"ImageObject\",\"inLanguage\":\"nl-NL\",\"@id\":\"https:\\\/\\\/vandervorst-art.com\\\/nl\\\/product\\\/marino-marini\\\/van-kleur-naar-vorm-viii\\\/#primaryimage\",\"url\":\"https:\\\/\\\/vandervorst-art.com\\\/wp-content\\\/uploads\\\/2025\\\/10\\\/IMG_0668-scaled-1.jpg\",\"contentUrl\":\"https:\\\/\\\/vandervorst-art.com\\\/wp-content\\\/uploads\\\/2025\\\/10\\\/IMG_0668-scaled-1.jpg\",\"width\":2560,\"height\":2038},{\"@type\":\"BreadcrumbList\",\"@id\":\"https:\\\/\\\/vandervorst-art.com\\\/nl\\\/product\\\/marino-marini\\\/van-kleur-naar-vorm-viii\\\/#breadcrumb\",\"itemListElement\":[{\"@type\":\"ListItem\",\"position\":1,\"name\":\"Thuis\",\"item\":\"https:\\\/\\\/vandervorst-art.com\\\/nl\\\/kunstenaars\\\/\"},{\"@type\":\"ListItem\",\"position\":2,\"name\":\"Winkel\",\"item\":\"https:\\\/\\\/vandervorst-art.com\\\/nl\\\/winkel\\\/\"},{\"@type\":\"ListItem\",\"position\":3,\"name\":\"Van kleur naar vorm VIII\"}]},{\"@type\":\"WebSite\",\"@id\":\"https:\\\/\\\/vandervorst-art.com\\\/nl\\\/#website\",\"url\":\"https:\\\/\\\/vandervorst-art.com\\\/nl\\\/\",\"name\":\"Van der Vorst \u2013 Art\",\"description\":\"\",\"publisher\":{\"@id\":\"https:\\\/\\\/vandervorst-art.com\\\/nl\\\/#organization\"},\"potentialAction\":[{\"@type\":\"SearchAction\",\"target\":{\"@type\":\"EntryPoint\",\"urlTemplate\":\"https:\\\/\\\/vandervorst-art.com\\\/nl\\\/?s={search_term_string}\"},\"query-input\":{\"@type\":\"PropertyValueSpecification\",\"valueRequired\":true,\"valueName\":\"search_term_string\"}}],\"inLanguage\":\"nl-NL\"},{\"@type\":\"Organization\",\"@id\":\"https:\\\/\\\/vandervorst-art.com\\\/nl\\\/#organization\",\"name\":\"Van der Vorst \u2013 Kunst\",\"url\":\"https:\\\/\\\/vandervorst-art.com\\\/nl\\\/\",\"logo\":{\"@type\":\"ImageObject\",\"inLanguage\":\"nl-NL\",\"@id\":\"https:\\\/\\\/vandervorst-art.com\\\/nl\\\/#\\\/schema\\\/logo\\\/image\\\/\",\"url\":\"https:\\\/\\\/vandervorst-art.com\\\/wp-content\\\/uploads\\\/2025\\\/10\\\/GuidoLogo_H2.svg\",\"contentUrl\":\"https:\\\/\\\/vandervorst-art.com\\\/wp-content\\\/uploads\\\/2025\\\/10\\\/GuidoLogo_H2.svg\",\"width\":3000,\"height\":786,\"caption\":\"Van der Vorst \u2013 Kunst\"},\"image\":{\"@id\":\"https:\\\/\\\/vandervorst-art.com\\\/nl\\\/#\\\/schema\\\/logo\\\/image\\\/\"},\"sameAs\":[\"https:\\\/\\\/www.instagram.com\\\/vandervorstart\\\/\",\"https:\\\/\\\/www.youtube.com\\\/@vandervorst-art3733\"]}]}<\/script>\n<meta property=\"product:price:amount\" content=\"2950\" \/>\n<meta property=\"product:price:currency\" content=\"EUR\" \/>\n<meta property=\"og:availability\" content=\"instock\" \/>\n<meta property=\"product:availability\" content=\"instock\" \/>\n<meta property=\"product:condition\" content=\"new\" \/>\n<!-- \/ Yoast SEO Premium plugin. -->","yoast_head_json":{"title":"Marino Marini - Van kleur naar vorm VIII - Van der Vorst \u2013 Art","robots":{"index":"index","follow":"follow","max-snippet":"max-snippet:-1","max-image-preview":"max-image-preview:large","max-video-preview":"max-video-preview:-1"},"canonical":"https:\/\/vandervorst-art.com\/nl\/product\/marino-marini\/van-kleur-naar-vorm-viii\/","og_locale":"nl_NL","og_type":"article","og_title":"Van kleur naar vorm VIII","og_url":"https:\/\/vandervorst-art.com\/nl\/product\/marino-marini\/van-kleur-naar-vorm-viii\/","og_site_name":"Van der Vorst \u2013 Art","article_modified_time":"2025-10-14T08:59:56+00:00","og_image":[{"width":2560,"height":2038,"url":"https:\/\/vandervorst-art.com\/wp-content\/uploads\/2025\/10\/IMG_0668-scaled-1.jpg","type":"image\/jpeg"}],"twitter_card":"summary_large_image","twitter_misc":{"Prijs":"&euro;&nbsp;2.950","Beschikbaarheid":"Op voorraad"},"schema":{"@context":"https:\/\/schema.org","@graph":[{"@type":"WebPage","@id":"https:\/\/vandervorst-art.com\/nl\/product\/marino-marini\/van-kleur-naar-vorm-viii\/","url":"https:\/\/vandervorst-art.com\/nl\/product\/marino-marini\/van-kleur-naar-vorm-viii\/","name":"Marino Marini - Van kleur naar vorm VIII - Van der Vorst \u2013 Art","isPartOf":{"@id":"https:\/\/vandervorst-art.com\/nl\/#website"},"primaryImageOfPage":{"@id":"https:\/\/vandervorst-art.com\/nl\/product\/marino-marini\/van-kleur-naar-vorm-viii\/#primaryimage"},"image":{"@id":"https:\/\/vandervorst-art.com\/nl\/product\/marino-marini\/van-kleur-naar-vorm-viii\/#primaryimage"},"thumbnailUrl":"https:\/\/vandervorst-art.com\/wp-content\/uploads\/2025\/10\/IMG_0668-scaled-1.jpg","datePublished":"2025-10-07T10:43:41+00:00","dateModified":"2025-10-14T08:59:56+00:00","breadcrumb":{"@id":"https:\/\/vandervorst-art.com\/nl\/product\/marino-marini\/van-kleur-naar-vorm-viii\/#breadcrumb"},"inLanguage":"nl-NL","potentialAction":[{"@type":"ReadAction","target":["https:\/\/vandervorst-art.com\/nl\/product\/marino-marini\/van-kleur-naar-vorm-viii\/"]}]},{"@type":"ImageObject","inLanguage":"nl-NL","@id":"https:\/\/vandervorst-art.com\/nl\/product\/marino-marini\/van-kleur-naar-vorm-viii\/#primaryimage","url":"https:\/\/vandervorst-art.com\/wp-content\/uploads\/2025\/10\/IMG_0668-scaled-1.jpg","contentUrl":"https:\/\/vandervorst-art.com\/wp-content\/uploads\/2025\/10\/IMG_0668-scaled-1.jpg","width":2560,"height":2038},{"@type":"BreadcrumbList","@id":"https:\/\/vandervorst-art.com\/nl\/product\/marino-marini\/van-kleur-naar-vorm-viii\/#breadcrumb","itemListElement":[{"@type":"ListItem","position":1,"name":"Thuis","item":"https:\/\/vandervorst-art.com\/nl\/kunstenaars\/"},{"@type":"ListItem","position":2,"name":"Winkel","item":"https:\/\/vandervorst-art.com\/nl\/winkel\/"},{"@type":"ListItem","position":3,"name":"Van kleur naar vorm VIII"}]},{"@type":"WebSite","@id":"https:\/\/vandervorst-art.com\/nl\/#website","url":"https:\/\/vandervorst-art.com\/nl\/","name":"Van der Vorst \u2013 Art","description":"","publisher":{"@id":"https:\/\/vandervorst-art.com\/nl\/#organization"},"potentialAction":[{"@type":"SearchAction","target":{"@type":"EntryPoint","urlTemplate":"https:\/\/vandervorst-art.com\/nl\/?s={search_term_string}"},"query-input":{"@type":"PropertyValueSpecification","valueRequired":true,"valueName":"search_term_string"}}],"inLanguage":"nl-NL"},{"@type":"Organization","@id":"https:\/\/vandervorst-art.com\/nl\/#organization","name":"Van der Vorst \u2013 Kunst","url":"https:\/\/vandervorst-art.com\/nl\/","logo":{"@type":"ImageObject","inLanguage":"nl-NL","@id":"https:\/\/vandervorst-art.com\/nl\/#\/schema\/logo\/image\/","url":"https:\/\/vandervorst-art.com\/wp-content\/uploads\/2025\/10\/GuidoLogo_H2.svg","contentUrl":"https:\/\/vandervorst-art.com\/wp-content\/uploads\/2025\/10\/GuidoLogo_H2.svg","width":3000,"height":786,"caption":"Van der Vorst \u2013 Kunst"},"image":{"@id":"https:\/\/vandervorst-art.com\/nl\/#\/schema\/logo\/image\/"},"sameAs":["https:\/\/www.instagram.com\/vandervorstart\/","https:\/\/www.youtube.com\/@vandervorst-art3733"]}]},"product_price_amount":"2950","product_price_currency":"EUR","og_availability":"instock","product_availability":"instock","product_condition":"new"},"_links":{"self":[{"href":"https:\/\/vandervorst-art.com\/nl\/wp-json\/wp\/v2\/product\/2523","targetHints":{"allow":["GET"]}}],"collection":[{"href":"https:\/\/vandervorst-art.com\/nl\/wp-json\/wp\/v2\/product"}],"about":[{"href":"https:\/\/vandervorst-art.com\/nl\/wp-json\/wp\/v2\/types\/product"}],"wp:featuredmedia":[{"embeddable":true,"href":"https:\/\/vandervorst-art.com\/nl\/wp-json\/wp\/v2\/media\/2524"}],"wp:attachment":[{"href":"https:\/\/vandervorst-art.com\/nl\/wp-json\/wp\/v2\/media?parent=2523"}],"wp:term":[{"taxonomy":"product_brand","embeddable":true,"href":"https:\/\/vandervorst-art.com\/nl\/wp-json\/wp\/v2\/product_brand?post=2523"},{"taxonomy":"product_cat","embeddable":true,"href":"https:\/\/vandervorst-art.com\/nl\/wp-json\/wp\/v2\/product_cat?post=2523"},{"taxonomy":"product_tag","embeddable":true,"href":"https:\/\/vandervorst-art.com\/nl\/wp-json\/wp\/v2\/product_tag?post=2523"}],"curies":[{"name":"wp","href":"https:\/\/api.w.org\/{rel}","templated":true}]}}