{"id":4189,"date":"2025-10-07T10:58:48","date_gmt":"2025-10-07T10:58:48","guid":{"rendered":"https:\/\/vandervorst-art.com\/product\/non%20class\u00e9\/marquise-luisa-casati\/"},"modified":"2025-10-14T08:59:07","modified_gmt":"2025-10-14T08:59:07","slug":"marchesa-luisa-casati","status":"publish","type":"product","link":"https:\/\/vandervorst-art.com\/fr\/product\/kees-van-dongen\/marchesa-luisa-casati\/","title":{"rendered":"Marquise Luisa Casati"},"content":{"rendered":"<p>Kees van Dongen \u2013 Marquise Luisa Casati<br \/>\n Lithographie, vers 1950 sur papier Arches<x id=\"gid_1\"><\/x> \u00c9preuve non sign\u00e9e et non num\u00e9rot\u00e9e sur papier Arches, hors tirage de 195 exemplaires sign\u00e9s et num\u00e9rot\u00e9s<x id=\"gid_2\"><\/x> Format papier&nbsp;: 70,0 x 39,0 cm | Format encadr\u00e9&nbsp;: 80,0 x 49,0 cm<x id=\"gid_3\"><\/x> Un exemple \u00e9poustouflant avec des couleurs exceptionnellement profondes et vibrantes<x id=\"gid_4\"><\/x> Catalogue Raisonn\u00e9 : Juffermans no. JL 44<br \/>\n Encadr\u00e9 selon les normes mus\u00e9ales avec un verre de mus\u00e9e \u00e0 99 % de protection UV<br \/>\n D&rsquo;apr\u00e8s le portrait de 1921 de la c\u00e9l\u00e8bre Luisa, Marchesa de Casati, avec Venise en arri\u00e8re-plan  <\/p>\n","protected":false},"excerpt":{"rendered":"<p>Kees van Dongen \u2013 Marquise Luisa Casati Lithographie, vers 1950 sur papier Arches \u00c9preuve non sign\u00e9e et non num\u00e9rot\u00e9e sur papier Arches, hors tirage de 195 exemplaires sign\u00e9s et num\u00e9rot\u00e9s&hellip;<\/p>\n","protected":false},"featured_media":4190,"template":"","meta":{"_acf_changed":false,"inline_featured_image":false},"product_brand":[],"product_cat":[73],"product_tag":[],"class_list":{"0":"post-4189","1":"product","2":"type-product","3":"status-publish","4":"has-post-thumbnail","6":"product_cat-kees-van-dongen","7":"product_shipping_class-encadre-moyen-mondial","9":"first","10":"instock","11":"sold-individually","12":"purchasable","13":"product-type-simple","14":"layout-style-2","15":"col-md-4 col-sm-4 col-xs-6","16":"col-lg-3","17":"product-style-addtocart"},"acf":[],"yoast_head":"<!-- This site is optimized with the Yoast SEO Premium plugin v27.3 (Yoast SEO v27.3) - https:\/\/yoast.com\/product\/yoast-seo-premium-wordpress\/ -->\n<title>Kees van Dongen - Marquise Luisa Casati - Van der Vorst \u2013 Art<\/title>\n<meta name=\"robots\" content=\"index, follow, max-snippet:-1, max-image-preview:large, max-video-preview:-1\" \/>\n<link rel=\"canonical\" href=\"https:\/\/vandervorst-art.com\/fr\/product\/kees-van-dongen\/marchesa-luisa-casati\/\" \/>\n<meta property=\"og:locale\" content=\"fr_FR\" \/>\n<meta property=\"og:type\" content=\"article\" \/>\n<meta property=\"og:title\" content=\"Marquise Luisa Casati\" \/>\n<meta property=\"og:url\" content=\"https:\/\/vandervorst-art.com\/fr\/product\/kees-van-dongen\/marchesa-luisa-casati\/\" \/>\n<meta property=\"og:site_name\" content=\"Van der Vorst \u2013 Art\" \/>\n<meta property=\"article:modified_time\" content=\"2025-10-14T08:59:07+00:00\" \/>\n<meta property=\"og:image\" content=\"https:\/\/vandervorst-art.com\/wp-content\/uploads\/2025\/10\/IMG_1840-1-scaled-1.jpeg\" \/>\n\t<meta property=\"og:image:width\" content=\"1920\" \/>\n\t<meta property=\"og:image:height\" content=\"2560\" \/>\n\t<meta property=\"og:image:type\" content=\"image\/jpeg\" \/>\n<meta name=\"twitter:card\" content=\"summary_large_image\" \/>\n<meta name=\"twitter:label1\" content=\"Prix\" \/>\n\t<meta name=\"twitter:data1\" content=\"&euro;&nbsp;7.750\" \/>\n\t<meta name=\"twitter:label2\" content=\"Disponibilit\u00e9\" \/>\n\t<meta name=\"twitter:data2\" content=\"En stock\" \/>\n<script type=\"application\/ld+json\" class=\"yoast-schema-graph\">{\"@context\":\"https:\\\/\\\/schema.org\",\"@graph\":[{\"@type\":\"WebPage\",\"@id\":\"https:\\\/\\\/vandervorst-art.com\\\/fr\\\/product\\\/kees-van-dongen\\\/marchesa-luisa-casati\\\/\",\"url\":\"https:\\\/\\\/vandervorst-art.com\\\/fr\\\/product\\\/kees-van-dongen\\\/marchesa-luisa-casati\\\/\",\"name\":\"Kees van Dongen - Marquise Luisa Casati - Van der Vorst \u2013 Art\",\"isPartOf\":{\"@id\":\"https:\\\/\\\/vandervorst-art.com\\\/fr\\\/#website\"},\"primaryImageOfPage\":{\"@id\":\"https:\\\/\\\/vandervorst-art.com\\\/fr\\\/product\\\/kees-van-dongen\\\/marchesa-luisa-casati\\\/#primaryimage\"},\"image\":{\"@id\":\"https:\\\/\\\/vandervorst-art.com\\\/fr\\\/product\\\/kees-van-dongen\\\/marchesa-luisa-casati\\\/#primaryimage\"},\"thumbnailUrl\":\"https:\\\/\\\/vandervorst-art.com\\\/wp-content\\\/uploads\\\/2025\\\/10\\\/IMG_1840-1-scaled-1.jpeg\",\"datePublished\":\"2025-10-07T10:58:48+00:00\",\"dateModified\":\"2025-10-14T08:59:07+00:00\",\"breadcrumb\":{\"@id\":\"https:\\\/\\\/vandervorst-art.com\\\/fr\\\/product\\\/kees-van-dongen\\\/marchesa-luisa-casati\\\/#breadcrumb\"},\"inLanguage\":\"fr-FR\",\"potentialAction\":[{\"@type\":\"ReadAction\",\"target\":[\"https:\\\/\\\/vandervorst-art.com\\\/fr\\\/product\\\/kees-van-dongen\\\/marchesa-luisa-casati\\\/\"]}]},{\"@type\":\"ImageObject\",\"inLanguage\":\"fr-FR\",\"@id\":\"https:\\\/\\\/vandervorst-art.com\\\/fr\\\/product\\\/kees-van-dongen\\\/marchesa-luisa-casati\\\/#primaryimage\",\"url\":\"https:\\\/\\\/vandervorst-art.com\\\/wp-content\\\/uploads\\\/2025\\\/10\\\/IMG_1840-1-scaled-1.jpeg\",\"contentUrl\":\"https:\\\/\\\/vandervorst-art.com\\\/wp-content\\\/uploads\\\/2025\\\/10\\\/IMG_1840-1-scaled-1.jpeg\",\"width\":1920,\"height\":2560},{\"@type\":\"BreadcrumbList\",\"@id\":\"https:\\\/\\\/vandervorst-art.com\\\/fr\\\/product\\\/kees-van-dongen\\\/marchesa-luisa-casati\\\/#breadcrumb\",\"itemListElement\":[{\"@type\":\"ListItem\",\"position\":1,\"name\":\"Maison\",\"item\":\"https:\\\/\\\/vandervorst-art.com\\\/fr\\\/artistes\\\/\"},{\"@type\":\"ListItem\",\"position\":2,\"name\":\"Boutique\",\"item\":\"https:\\\/\\\/vandervorst-art.com\\\/fr\\\/boutique\\\/\"},{\"@type\":\"ListItem\",\"position\":3,\"name\":\"Marquise Luisa Casati\"}]},{\"@type\":\"WebSite\",\"@id\":\"https:\\\/\\\/vandervorst-art.com\\\/fr\\\/#website\",\"url\":\"https:\\\/\\\/vandervorst-art.com\\\/fr\\\/\",\"name\":\"Van der Vorst \u2013 Art\",\"description\":\"\",\"publisher\":{\"@id\":\"https:\\\/\\\/vandervorst-art.com\\\/fr\\\/#organization\"},\"potentialAction\":[{\"@type\":\"SearchAction\",\"target\":{\"@type\":\"EntryPoint\",\"urlTemplate\":\"https:\\\/\\\/vandervorst-art.com\\\/fr\\\/?s={search_term_string}\"},\"query-input\":{\"@type\":\"PropertyValueSpecification\",\"valueRequired\":true,\"valueName\":\"search_term_string\"}}],\"inLanguage\":\"fr-FR\"},{\"@type\":\"Organization\",\"@id\":\"https:\\\/\\\/vandervorst-art.com\\\/fr\\\/#organization\",\"name\":\"Van der Vorst \u2013 Art\",\"url\":\"https:\\\/\\\/vandervorst-art.com\\\/fr\\\/\",\"logo\":{\"@type\":\"ImageObject\",\"inLanguage\":\"fr-FR\",\"@id\":\"https:\\\/\\\/vandervorst-art.com\\\/fr\\\/#\\\/schema\\\/logo\\\/image\\\/\",\"url\":\"https:\\\/\\\/vandervorst-art.com\\\/wp-content\\\/uploads\\\/2025\\\/10\\\/GuidoLogo_H2.svg\",\"contentUrl\":\"https:\\\/\\\/vandervorst-art.com\\\/wp-content\\\/uploads\\\/2025\\\/10\\\/GuidoLogo_H2.svg\",\"width\":3000,\"height\":786,\"caption\":\"Van der Vorst \u2013 Art\"},\"image\":{\"@id\":\"https:\\\/\\\/vandervorst-art.com\\\/fr\\\/#\\\/schema\\\/logo\\\/image\\\/\"},\"sameAs\":[\"https:\\\/\\\/www.instagram.com\\\/vandervorstart\\\/\",\"https:\\\/\\\/www.youtube.com\\\/@vandervorst-art3733\"]}]}<\/script>\n<meta property=\"product:price:amount\" content=\"7750\" \/>\n<meta property=\"product:price:currency\" content=\"EUR\" \/>\n<meta property=\"og:availability\" content=\"instock\" \/>\n<meta property=\"product:availability\" content=\"instock\" \/>\n<meta property=\"product:condition\" content=\"new\" \/>\n<!-- \/ Yoast SEO Premium plugin. -->","yoast_head_json":{"title":"Kees van Dongen - Marquise Luisa Casati - Van der Vorst \u2013 Art","robots":{"index":"index","follow":"follow","max-snippet":"max-snippet:-1","max-image-preview":"max-image-preview:large","max-video-preview":"max-video-preview:-1"},"canonical":"https:\/\/vandervorst-art.com\/fr\/product\/kees-van-dongen\/marchesa-luisa-casati\/","og_locale":"fr_FR","og_type":"article","og_title":"Marquise Luisa Casati","og_url":"https:\/\/vandervorst-art.com\/fr\/product\/kees-van-dongen\/marchesa-luisa-casati\/","og_site_name":"Van der Vorst \u2013 Art","article_modified_time":"2025-10-14T08:59:07+00:00","og_image":[{"width":1920,"height":2560,"url":"https:\/\/vandervorst-art.com\/wp-content\/uploads\/2025\/10\/IMG_1840-1-scaled-1.jpeg","type":"image\/jpeg"}],"twitter_card":"summary_large_image","twitter_misc":{"Prix":"&euro;&nbsp;7.750","Disponibilit\u00e9":"En stock"},"schema":{"@context":"https:\/\/schema.org","@graph":[{"@type":"WebPage","@id":"https:\/\/vandervorst-art.com\/fr\/product\/kees-van-dongen\/marchesa-luisa-casati\/","url":"https:\/\/vandervorst-art.com\/fr\/product\/kees-van-dongen\/marchesa-luisa-casati\/","name":"Kees van Dongen - Marquise Luisa Casati - Van der Vorst \u2013 Art","isPartOf":{"@id":"https:\/\/vandervorst-art.com\/fr\/#website"},"primaryImageOfPage":{"@id":"https:\/\/vandervorst-art.com\/fr\/product\/kees-van-dongen\/marchesa-luisa-casati\/#primaryimage"},"image":{"@id":"https:\/\/vandervorst-art.com\/fr\/product\/kees-van-dongen\/marchesa-luisa-casati\/#primaryimage"},"thumbnailUrl":"https:\/\/vandervorst-art.com\/wp-content\/uploads\/2025\/10\/IMG_1840-1-scaled-1.jpeg","datePublished":"2025-10-07T10:58:48+00:00","dateModified":"2025-10-14T08:59:07+00:00","breadcrumb":{"@id":"https:\/\/vandervorst-art.com\/fr\/product\/kees-van-dongen\/marchesa-luisa-casati\/#breadcrumb"},"inLanguage":"fr-FR","potentialAction":[{"@type":"ReadAction","target":["https:\/\/vandervorst-art.com\/fr\/product\/kees-van-dongen\/marchesa-luisa-casati\/"]}]},{"@type":"ImageObject","inLanguage":"fr-FR","@id":"https:\/\/vandervorst-art.com\/fr\/product\/kees-van-dongen\/marchesa-luisa-casati\/#primaryimage","url":"https:\/\/vandervorst-art.com\/wp-content\/uploads\/2025\/10\/IMG_1840-1-scaled-1.jpeg","contentUrl":"https:\/\/vandervorst-art.com\/wp-content\/uploads\/2025\/10\/IMG_1840-1-scaled-1.jpeg","width":1920,"height":2560},{"@type":"BreadcrumbList","@id":"https:\/\/vandervorst-art.com\/fr\/product\/kees-van-dongen\/marchesa-luisa-casati\/#breadcrumb","itemListElement":[{"@type":"ListItem","position":1,"name":"Maison","item":"https:\/\/vandervorst-art.com\/fr\/artistes\/"},{"@type":"ListItem","position":2,"name":"Boutique","item":"https:\/\/vandervorst-art.com\/fr\/boutique\/"},{"@type":"ListItem","position":3,"name":"Marquise Luisa Casati"}]},{"@type":"WebSite","@id":"https:\/\/vandervorst-art.com\/fr\/#website","url":"https:\/\/vandervorst-art.com\/fr\/","name":"Van der Vorst \u2013 Art","description":"","publisher":{"@id":"https:\/\/vandervorst-art.com\/fr\/#organization"},"potentialAction":[{"@type":"SearchAction","target":{"@type":"EntryPoint","urlTemplate":"https:\/\/vandervorst-art.com\/fr\/?s={search_term_string}"},"query-input":{"@type":"PropertyValueSpecification","valueRequired":true,"valueName":"search_term_string"}}],"inLanguage":"fr-FR"},{"@type":"Organization","@id":"https:\/\/vandervorst-art.com\/fr\/#organization","name":"Van der Vorst \u2013 Art","url":"https:\/\/vandervorst-art.com\/fr\/","logo":{"@type":"ImageObject","inLanguage":"fr-FR","@id":"https:\/\/vandervorst-art.com\/fr\/#\/schema\/logo\/image\/","url":"https:\/\/vandervorst-art.com\/wp-content\/uploads\/2025\/10\/GuidoLogo_H2.svg","contentUrl":"https:\/\/vandervorst-art.com\/wp-content\/uploads\/2025\/10\/GuidoLogo_H2.svg","width":3000,"height":786,"caption":"Van der Vorst \u2013 Art"},"image":{"@id":"https:\/\/vandervorst-art.com\/fr\/#\/schema\/logo\/image\/"},"sameAs":["https:\/\/www.instagram.com\/vandervorstart\/","https:\/\/www.youtube.com\/@vandervorst-art3733"]}]},"product_price_amount":"7750","product_price_currency":"EUR","og_availability":"instock","product_availability":"instock","product_condition":"new"},"_links":{"self":[{"href":"https:\/\/vandervorst-art.com\/fr\/wp-json\/wp\/v2\/product\/4189","targetHints":{"allow":["GET"]}}],"collection":[{"href":"https:\/\/vandervorst-art.com\/fr\/wp-json\/wp\/v2\/product"}],"about":[{"href":"https:\/\/vandervorst-art.com\/fr\/wp-json\/wp\/v2\/types\/product"}],"wp:featuredmedia":[{"embeddable":true,"href":"https:\/\/vandervorst-art.com\/fr\/wp-json\/wp\/v2\/media\/4190"}],"wp:attachment":[{"href":"https:\/\/vandervorst-art.com\/fr\/wp-json\/wp\/v2\/media?parent=4189"}],"wp:term":[{"taxonomy":"product_brand","embeddable":true,"href":"https:\/\/vandervorst-art.com\/fr\/wp-json\/wp\/v2\/product_brand?post=4189"},{"taxonomy":"product_cat","embeddable":true,"href":"https:\/\/vandervorst-art.com\/fr\/wp-json\/wp\/v2\/product_cat?post=4189"},{"taxonomy":"product_tag","embeddable":true,"href":"https:\/\/vandervorst-art.com\/fr\/wp-json\/wp\/v2\/product_tag?post=4189"}],"curies":[{"name":"wp","href":"https:\/\/api.w.org\/{rel}","templated":true}]}}