{"id":3473,"date":"2025-10-07T10:47:10","date_gmt":"2025-10-07T10:47:10","guid":{"rendered":"https:\/\/vandervorst-art.com\/product\/non%20class\u00e9\/derriere-le-miroir-francis-bacon-1966\/"},"modified":"2025-10-14T16:07:47","modified_gmt":"2025-10-14T16:07:47","slug":"derriere-le-miroir-francis-bacon-1966","status":"publish","type":"product","link":"https:\/\/vandervorst-art.com\/fr\/product\/francis-bacon\/derriere-le-miroir-francis-bacon-1966\/","title":{"rendered":"Derri\u00e8re Le Miroir &#8211; Francis Bacon, 1966"},"content":{"rendered":"<p><strong>Derri\u00e8re Le Miroir &#8211; Francis Bacon, 1966<\/strong><br \/>\n 1 des 150 exemplaires de luxe sur v\u00e9lin de Rives<br \/>\n Cet exemplaire est justifi\u00e9 HC (\u00ab hors-commerce \u00bb) au crayon par l&rsquo;\u00e9diteur sur la page de justification.<br \/>\n Paris, Maeght \u00e9diteur, 1966.<br \/>\n In-folio (382 x 282 mm) en feuilles, 34 pages.<\/p>\n<p>5 lithographies en couleurs d&rsquo;apr\u00e8s des peintures de Francis Bacon.<br \/>\n 8 reproductions en couleurs dont 1 triptyque en triple page, 5 reproductions en noir.<br \/>\n Texte de Michel Leiris et entretien avec Francis Bacon par David Sylvester.<\/p>\n<p>Magnifique exemplaire avec une tr\u00e8s belle lithographie.<br \/>\n Dans un superbe \u00e9tat.<\/p>\n<p>Num\u00e9ro de DLM consacr\u00e9 \u00e0 Francis Bacon, complet avec cinq lithographies en couleurs sur une seule feuille et un triptyque en couleurs d\u00e9pliant de Bacon.<br \/>\n Publi\u00e9 en 1966 \u00e0 l&rsquo;occasion de l&rsquo;exposition de 17 tableaux \u00e0 la Galerie Maeght.<br \/>\n Texte de Michel Leiris et entretien avec Francis Bacon par David Sylvester. Outre les lithographies, le volume contient plusieurs illustrations en couleur et en noir et blanc de l&rsquo;\u0153uvre de Bacon. In-folio, feuilles volantes sous couverture illustr\u00e9e d&rsquo;origine, tel que paru, coffret et chemise en carton vert d&rsquo;origine. Le livre et son coffret sont en tr\u00e8s bel \u00e9tat.   <\/p>\n","protected":false},"excerpt":{"rendered":"<p>Derri\u00e8re Le Miroir &#8211; Francis Bacon, 1966 1 des 150 exemplaires de luxe sur v\u00e9lin de Rives Cet exemplaire est justifi\u00e9 HC (\u00ab hors-commerce \u00bb) au crayon par l&rsquo;\u00e9diteur sur&hellip;<\/p>\n","protected":false},"featured_media":3474,"template":"","meta":{"_acf_changed":false,"inline_featured_image":false},"product_brand":[],"product_cat":[78],"product_tag":[],"class_list":{"0":"post-3473","1":"product","2":"type-product","3":"status-publish","4":"has-post-thumbnail","6":"product_cat-francis-bacon","7":"product_shipping_class-world-unframed-medium","9":"first","10":"instock","11":"sold-individually","12":"purchasable","13":"product-type-simple","14":"layout-style-2","15":"col-md-4 col-sm-4 col-xs-6","16":"col-lg-3","17":"product-style-addtocart"},"acf":[],"yoast_head":"<!-- This site is optimized with the Yoast SEO Premium plugin v27.3 (Yoast SEO v27.3) - https:\/\/yoast.com\/product\/yoast-seo-premium-wordpress\/ -->\n<title>Francis Bacon - Derri\u00e8re Le Miroir - Francis Bacon, 1966 - Van der Vorst \u2013 Art<\/title>\n<meta name=\"robots\" content=\"index, follow, max-snippet:-1, max-image-preview:large, max-video-preview:-1\" \/>\n<link rel=\"canonical\" href=\"https:\/\/vandervorst-art.com\/fr\/product\/francis-bacon\/derriere-le-miroir-francis-bacon-1966\/\" \/>\n<meta property=\"og:locale\" content=\"fr_FR\" \/>\n<meta property=\"og:type\" content=\"article\" \/>\n<meta property=\"og:title\" content=\"Derri\u00e8re Le Miroir - Francis Bacon, 1966\" \/>\n<meta property=\"og:url\" content=\"https:\/\/vandervorst-art.com\/fr\/product\/francis-bacon\/derriere-le-miroir-francis-bacon-1966\/\" \/>\n<meta property=\"og:site_name\" content=\"Van der Vorst \u2013 Art\" \/>\n<meta property=\"article:modified_time\" content=\"2025-10-14T16:07:47+00:00\" \/>\n<meta property=\"og:image\" content=\"https:\/\/vandervorst-art.com\/wp-content\/uploads\/2025\/10\/Dlm-162.jpg\" \/>\n\t<meta property=\"og:image:width\" content=\"1000\" \/>\n\t<meta property=\"og:image:height\" content=\"1000\" \/>\n\t<meta property=\"og:image:type\" content=\"image\/jpeg\" \/>\n<meta name=\"twitter:card\" content=\"summary_large_image\" \/>\n<meta name=\"twitter:label1\" content=\"Prix\" \/>\n\t<meta name=\"twitter:data1\" content=\"&euro;&nbsp;5.500\" \/>\n\t<meta name=\"twitter:label2\" content=\"Disponibilit\u00e9\" \/>\n\t<meta name=\"twitter:data2\" content=\"En stock\" \/>\n<script type=\"application\/ld+json\" class=\"yoast-schema-graph\">{\"@context\":\"https:\\\/\\\/schema.org\",\"@graph\":[{\"@type\":\"WebPage\",\"@id\":\"https:\\\/\\\/vandervorst-art.com\\\/fr\\\/product\\\/francis-bacon\\\/derriere-le-miroir-francis-bacon-1966\\\/\",\"url\":\"https:\\\/\\\/vandervorst-art.com\\\/fr\\\/product\\\/francis-bacon\\\/derriere-le-miroir-francis-bacon-1966\\\/\",\"name\":\"Francis Bacon - Derri\u00e8re Le Miroir - Francis Bacon, 1966 - Van der Vorst \u2013 Art\",\"isPartOf\":{\"@id\":\"https:\\\/\\\/vandervorst-art.com\\\/fr\\\/#website\"},\"primaryImageOfPage\":{\"@id\":\"https:\\\/\\\/vandervorst-art.com\\\/fr\\\/product\\\/francis-bacon\\\/derriere-le-miroir-francis-bacon-1966\\\/#primaryimage\"},\"image\":{\"@id\":\"https:\\\/\\\/vandervorst-art.com\\\/fr\\\/product\\\/francis-bacon\\\/derriere-le-miroir-francis-bacon-1966\\\/#primaryimage\"},\"thumbnailUrl\":\"https:\\\/\\\/vandervorst-art.com\\\/wp-content\\\/uploads\\\/2025\\\/10\\\/Dlm-162.jpg\",\"datePublished\":\"2025-10-07T10:47:10+00:00\",\"dateModified\":\"2025-10-14T16:07:47+00:00\",\"breadcrumb\":{\"@id\":\"https:\\\/\\\/vandervorst-art.com\\\/fr\\\/product\\\/francis-bacon\\\/derriere-le-miroir-francis-bacon-1966\\\/#breadcrumb\"},\"inLanguage\":\"fr-FR\",\"potentialAction\":[{\"@type\":\"ReadAction\",\"target\":[\"https:\\\/\\\/vandervorst-art.com\\\/fr\\\/product\\\/francis-bacon\\\/derriere-le-miroir-francis-bacon-1966\\\/\"]}]},{\"@type\":\"ImageObject\",\"inLanguage\":\"fr-FR\",\"@id\":\"https:\\\/\\\/vandervorst-art.com\\\/fr\\\/product\\\/francis-bacon\\\/derriere-le-miroir-francis-bacon-1966\\\/#primaryimage\",\"url\":\"https:\\\/\\\/vandervorst-art.com\\\/wp-content\\\/uploads\\\/2025\\\/10\\\/Dlm-162.jpg\",\"contentUrl\":\"https:\\\/\\\/vandervorst-art.com\\\/wp-content\\\/uploads\\\/2025\\\/10\\\/Dlm-162.jpg\",\"width\":1000,\"height\":1000},{\"@type\":\"BreadcrumbList\",\"@id\":\"https:\\\/\\\/vandervorst-art.com\\\/fr\\\/product\\\/francis-bacon\\\/derriere-le-miroir-francis-bacon-1966\\\/#breadcrumb\",\"itemListElement\":[{\"@type\":\"ListItem\",\"position\":1,\"name\":\"Maison\",\"item\":\"https:\\\/\\\/vandervorst-art.com\\\/fr\\\/artistes\\\/\"},{\"@type\":\"ListItem\",\"position\":2,\"name\":\"Boutique\",\"item\":\"https:\\\/\\\/vandervorst-art.com\\\/fr\\\/boutique\\\/\"},{\"@type\":\"ListItem\",\"position\":3,\"name\":\"Derri\u00e8re Le Miroir &#8211; Francis Bacon, 1966\"}]},{\"@type\":\"WebSite\",\"@id\":\"https:\\\/\\\/vandervorst-art.com\\\/fr\\\/#website\",\"url\":\"https:\\\/\\\/vandervorst-art.com\\\/fr\\\/\",\"name\":\"Van der Vorst \u2013 Art\",\"description\":\"\",\"publisher\":{\"@id\":\"https:\\\/\\\/vandervorst-art.com\\\/fr\\\/#organization\"},\"potentialAction\":[{\"@type\":\"SearchAction\",\"target\":{\"@type\":\"EntryPoint\",\"urlTemplate\":\"https:\\\/\\\/vandervorst-art.com\\\/fr\\\/?s={search_term_string}\"},\"query-input\":{\"@type\":\"PropertyValueSpecification\",\"valueRequired\":true,\"valueName\":\"search_term_string\"}}],\"inLanguage\":\"fr-FR\"},{\"@type\":\"Organization\",\"@id\":\"https:\\\/\\\/vandervorst-art.com\\\/fr\\\/#organization\",\"name\":\"Van der Vorst \u2013 Art\",\"url\":\"https:\\\/\\\/vandervorst-art.com\\\/fr\\\/\",\"logo\":{\"@type\":\"ImageObject\",\"inLanguage\":\"fr-FR\",\"@id\":\"https:\\\/\\\/vandervorst-art.com\\\/fr\\\/#\\\/schema\\\/logo\\\/image\\\/\",\"url\":\"https:\\\/\\\/vandervorst-art.com\\\/wp-content\\\/uploads\\\/2025\\\/10\\\/GuidoLogo_H2.svg\",\"contentUrl\":\"https:\\\/\\\/vandervorst-art.com\\\/wp-content\\\/uploads\\\/2025\\\/10\\\/GuidoLogo_H2.svg\",\"width\":3000,\"height\":786,\"caption\":\"Van der Vorst \u2013 Art\"},\"image\":{\"@id\":\"https:\\\/\\\/vandervorst-art.com\\\/fr\\\/#\\\/schema\\\/logo\\\/image\\\/\"},\"sameAs\":[\"https:\\\/\\\/www.instagram.com\\\/vandervorstart\\\/\",\"https:\\\/\\\/www.youtube.com\\\/@vandervorst-art3733\"]}]}<\/script>\n<meta property=\"product:price:amount\" content=\"5500\" \/>\n<meta property=\"product:price:currency\" content=\"EUR\" \/>\n<meta property=\"og:availability\" content=\"instock\" \/>\n<meta property=\"product:availability\" content=\"instock\" \/>\n<meta property=\"product:condition\" content=\"new\" \/>\n<!-- \/ Yoast SEO Premium plugin. -->","yoast_head_json":{"title":"Francis Bacon - Derri\u00e8re Le Miroir - Francis Bacon, 1966 - Van der Vorst \u2013 Art","robots":{"index":"index","follow":"follow","max-snippet":"max-snippet:-1","max-image-preview":"max-image-preview:large","max-video-preview":"max-video-preview:-1"},"canonical":"https:\/\/vandervorst-art.com\/fr\/product\/francis-bacon\/derriere-le-miroir-francis-bacon-1966\/","og_locale":"fr_FR","og_type":"article","og_title":"Derri\u00e8re Le Miroir - Francis Bacon, 1966","og_url":"https:\/\/vandervorst-art.com\/fr\/product\/francis-bacon\/derriere-le-miroir-francis-bacon-1966\/","og_site_name":"Van der Vorst \u2013 Art","article_modified_time":"2025-10-14T16:07:47+00:00","og_image":[{"width":1000,"height":1000,"url":"https:\/\/vandervorst-art.com\/wp-content\/uploads\/2025\/10\/Dlm-162.jpg","type":"image\/jpeg"}],"twitter_card":"summary_large_image","twitter_misc":{"Prix":"&euro;&nbsp;5.500","Disponibilit\u00e9":"En stock"},"schema":{"@context":"https:\/\/schema.org","@graph":[{"@type":"WebPage","@id":"https:\/\/vandervorst-art.com\/fr\/product\/francis-bacon\/derriere-le-miroir-francis-bacon-1966\/","url":"https:\/\/vandervorst-art.com\/fr\/product\/francis-bacon\/derriere-le-miroir-francis-bacon-1966\/","name":"Francis Bacon - Derri\u00e8re Le Miroir - Francis Bacon, 1966 - Van der Vorst \u2013 Art","isPartOf":{"@id":"https:\/\/vandervorst-art.com\/fr\/#website"},"primaryImageOfPage":{"@id":"https:\/\/vandervorst-art.com\/fr\/product\/francis-bacon\/derriere-le-miroir-francis-bacon-1966\/#primaryimage"},"image":{"@id":"https:\/\/vandervorst-art.com\/fr\/product\/francis-bacon\/derriere-le-miroir-francis-bacon-1966\/#primaryimage"},"thumbnailUrl":"https:\/\/vandervorst-art.com\/wp-content\/uploads\/2025\/10\/Dlm-162.jpg","datePublished":"2025-10-07T10:47:10+00:00","dateModified":"2025-10-14T16:07:47+00:00","breadcrumb":{"@id":"https:\/\/vandervorst-art.com\/fr\/product\/francis-bacon\/derriere-le-miroir-francis-bacon-1966\/#breadcrumb"},"inLanguage":"fr-FR","potentialAction":[{"@type":"ReadAction","target":["https:\/\/vandervorst-art.com\/fr\/product\/francis-bacon\/derriere-le-miroir-francis-bacon-1966\/"]}]},{"@type":"ImageObject","inLanguage":"fr-FR","@id":"https:\/\/vandervorst-art.com\/fr\/product\/francis-bacon\/derriere-le-miroir-francis-bacon-1966\/#primaryimage","url":"https:\/\/vandervorst-art.com\/wp-content\/uploads\/2025\/10\/Dlm-162.jpg","contentUrl":"https:\/\/vandervorst-art.com\/wp-content\/uploads\/2025\/10\/Dlm-162.jpg","width":1000,"height":1000},{"@type":"BreadcrumbList","@id":"https:\/\/vandervorst-art.com\/fr\/product\/francis-bacon\/derriere-le-miroir-francis-bacon-1966\/#breadcrumb","itemListElement":[{"@type":"ListItem","position":1,"name":"Maison","item":"https:\/\/vandervorst-art.com\/fr\/artistes\/"},{"@type":"ListItem","position":2,"name":"Boutique","item":"https:\/\/vandervorst-art.com\/fr\/boutique\/"},{"@type":"ListItem","position":3,"name":"Derri\u00e8re Le Miroir &#8211; Francis Bacon, 1966"}]},{"@type":"WebSite","@id":"https:\/\/vandervorst-art.com\/fr\/#website","url":"https:\/\/vandervorst-art.com\/fr\/","name":"Van der Vorst \u2013 Art","description":"","publisher":{"@id":"https:\/\/vandervorst-art.com\/fr\/#organization"},"potentialAction":[{"@type":"SearchAction","target":{"@type":"EntryPoint","urlTemplate":"https:\/\/vandervorst-art.com\/fr\/?s={search_term_string}"},"query-input":{"@type":"PropertyValueSpecification","valueRequired":true,"valueName":"search_term_string"}}],"inLanguage":"fr-FR"},{"@type":"Organization","@id":"https:\/\/vandervorst-art.com\/fr\/#organization","name":"Van der Vorst \u2013 Art","url":"https:\/\/vandervorst-art.com\/fr\/","logo":{"@type":"ImageObject","inLanguage":"fr-FR","@id":"https:\/\/vandervorst-art.com\/fr\/#\/schema\/logo\/image\/","url":"https:\/\/vandervorst-art.com\/wp-content\/uploads\/2025\/10\/GuidoLogo_H2.svg","contentUrl":"https:\/\/vandervorst-art.com\/wp-content\/uploads\/2025\/10\/GuidoLogo_H2.svg","width":3000,"height":786,"caption":"Van der Vorst \u2013 Art"},"image":{"@id":"https:\/\/vandervorst-art.com\/fr\/#\/schema\/logo\/image\/"},"sameAs":["https:\/\/www.instagram.com\/vandervorstart\/","https:\/\/www.youtube.com\/@vandervorst-art3733"]}]},"product_price_amount":"5500","product_price_currency":"EUR","og_availability":"instock","product_availability":"instock","product_condition":"new"},"_links":{"self":[{"href":"https:\/\/vandervorst-art.com\/fr\/wp-json\/wp\/v2\/product\/3473","targetHints":{"allow":["GET"]}}],"collection":[{"href":"https:\/\/vandervorst-art.com\/fr\/wp-json\/wp\/v2\/product"}],"about":[{"href":"https:\/\/vandervorst-art.com\/fr\/wp-json\/wp\/v2\/types\/product"}],"wp:featuredmedia":[{"embeddable":true,"href":"https:\/\/vandervorst-art.com\/fr\/wp-json\/wp\/v2\/media\/3474"}],"wp:attachment":[{"href":"https:\/\/vandervorst-art.com\/fr\/wp-json\/wp\/v2\/media?parent=3473"}],"wp:term":[{"taxonomy":"product_brand","embeddable":true,"href":"https:\/\/vandervorst-art.com\/fr\/wp-json\/wp\/v2\/product_brand?post=3473"},{"taxonomy":"product_cat","embeddable":true,"href":"https:\/\/vandervorst-art.com\/fr\/wp-json\/wp\/v2\/product_cat?post=3473"},{"taxonomy":"product_tag","embeddable":true,"href":"https:\/\/vandervorst-art.com\/fr\/wp-json\/wp\/v2\/product_tag?post=3473"}],"curies":[{"name":"wp","href":"https:\/\/api.w.org\/{rel}","templated":true}]}}