{"id":3431,"date":"2025-10-07T10:47:53","date_gmt":"2025-10-07T10:47:53","guid":{"rendered":"https:\/\/vandervorst-art.com\/product\/non%20class\u00e9\/la-grande-baigneuse\/"},"modified":"2026-04-01T05:32:16","modified_gmt":"2026-04-01T05:32:16","slug":"la-grande-baigneuse","status":"publish","type":"product","link":"https:\/\/vandervorst-art.com\/fr\/product\/non class\u00e9\/la-grande-baigneuse\/","title":{"rendered":"Le grande Baigneuse (The large Bather)"},"content":{"rendered":"<p><strong>Raoul Dufy- Le grande Baigneuse<\/strong><br \/>\n Lithographie, 1928<br \/>\n Sign\u00e9 au crayon et num\u00e9rot\u00e9 28\/40 au crayon<br \/>\n Format du papier : 67,3 \u00d7 51,4 cm<br \/>\n Taille du cadre : 96,0 x 78,0 cm<br \/>\n Cette \u0153uvre \u00e9tant la plus grande lithographie en couleurs r\u00e9alis\u00e9e par Raoul Dufy<br \/>\n Encadr\u00e9 dans un magnifique cadre fait main avec du verre de mus\u00e9e.<\/p>\n<p> Provenance : De la collection de Jonathan Shaw (un c\u00e9l\u00e8bre faiseur d&rsquo;opinion, auteur et artiste de la contre-culture) qui a h\u00e9rit\u00e9 de l&rsquo;\u0153uvre de ses parents ; l&rsquo;actrice Dorothy Dowling et Artie Shaw.<\/p>\n","protected":false},"excerpt":{"rendered":"<p>Raoul Dufy- Le grande Baigneuse Lithographie, 1928 Sign\u00e9 au crayon et num\u00e9rot\u00e9 28\/40 au crayon Format du papier : 67,3 \u00d7 51,4 cm Taille du cadre : 96,0 x 78,0&hellip;<\/p>\n","protected":false},"featured_media":3432,"template":"","meta":{"_acf_changed":false,"inline_featured_image":false},"product_brand":[],"product_cat":[],"product_tag":[],"class_list":{"0":"post-3431","1":"product","2":"type-product","3":"status-publish","4":"has-post-thumbnail","6":"product_shipping_class-encadre-moyen-mondial","8":"first","9":"outofstock","10":"product-type-simple","11":"layout-style-2","12":"col-md-4 col-sm-4 col-xs-6","13":"col-lg-3","14":"product-style-addtocart"},"acf":[],"yoast_head":"<!-- This site is optimized with the Yoast SEO Premium plugin v27.3 (Yoast SEO v27.3) - https:\/\/yoast.com\/product\/yoast-seo-premium-wordpress\/ -->\n<title>- Le grande Baigneuse (The large Bather) - Van der Vorst \u2013 Art<\/title>\n<meta name=\"robots\" content=\"index, follow, max-snippet:-1, max-image-preview:large, max-video-preview:-1\" \/>\n<link rel=\"canonical\" href=\"https:\/\/vandervorst-art.com\/fr\/product\/non%20class\u00e9\/la-grande-baigneuse\/\" \/>\n<meta property=\"og:locale\" content=\"fr_FR\" \/>\n<meta property=\"og:type\" content=\"article\" \/>\n<meta property=\"og:title\" content=\"Le grande Baigneuse (The large Bather)\" \/>\n<meta property=\"og:url\" content=\"https:\/\/vandervorst-art.com\/fr\/product\/non class\u00e9\/la-grande-baigneuse\/\" \/>\n<meta property=\"og:site_name\" content=\"Van der Vorst \u2013 Art\" \/>\n<meta property=\"article:modified_time\" content=\"2026-04-01T05:32:16+00:00\" \/>\n<meta property=\"og:image\" content=\"https:\/\/vandervorst-art.com\/wp-content\/uploads\/2025\/10\/4236_003-20210615_113528-kopie-scaled-1.jpeg\" \/>\n\t<meta property=\"og:image:width\" content=\"1914\" \/>\n\t<meta property=\"og:image:height\" content=\"2560\" \/>\n\t<meta property=\"og:image:type\" content=\"image\/jpeg\" \/>\n<meta name=\"twitter:card\" content=\"summary_large_image\" \/>\n<meta name=\"twitter:label1\" content=\"Prix\" \/>\n\t<meta name=\"twitter:data1\" content=\"\" \/>\n\t<meta name=\"twitter:label2\" content=\"Disponibilit\u00e9\" \/>\n\t<meta name=\"twitter:data2\" content=\"Rupture de stock\" \/>\n<script type=\"application\/ld+json\" class=\"yoast-schema-graph\">{\"@context\":\"https:\\\/\\\/schema.org\",\"@graph\":[{\"@type\":\"WebPage\",\"@id\":\"https:\\\/\\\/vandervorst-art.com\\\/fr\\\/product\\\/non class\u00e9\\\/la-grande-baigneuse\\\/\",\"url\":\"https:\\\/\\\/vandervorst-art.com\\\/fr\\\/product\\\/non class\u00e9\\\/la-grande-baigneuse\\\/\",\"name\":\"- Le grande Baigneuse (The large Bather) - Van der Vorst \u2013 Art\",\"isPartOf\":{\"@id\":\"https:\\\/\\\/vandervorst-art.com\\\/fr\\\/#website\"},\"primaryImageOfPage\":{\"@id\":\"https:\\\/\\\/vandervorst-art.com\\\/fr\\\/product\\\/non class\u00e9\\\/la-grande-baigneuse\\\/#primaryimage\"},\"image\":{\"@id\":\"https:\\\/\\\/vandervorst-art.com\\\/fr\\\/product\\\/non class\u00e9\\\/la-grande-baigneuse\\\/#primaryimage\"},\"thumbnailUrl\":\"https:\\\/\\\/vandervorst-art.com\\\/wp-content\\\/uploads\\\/2025\\\/10\\\/4236_003-20210615_113528-kopie-scaled-1.jpeg\",\"datePublished\":\"2025-10-07T10:47:53+00:00\",\"dateModified\":\"2026-04-01T05:32:16+00:00\",\"breadcrumb\":{\"@id\":\"https:\\\/\\\/vandervorst-art.com\\\/fr\\\/product\\\/non class\u00e9\\\/la-grande-baigneuse\\\/#breadcrumb\"},\"inLanguage\":\"fr-FR\",\"potentialAction\":[{\"@type\":\"ReadAction\",\"target\":[\"https:\\\/\\\/vandervorst-art.com\\\/fr\\\/product\\\/non class\u00e9\\\/la-grande-baigneuse\\\/\"]}]},{\"@type\":\"ImageObject\",\"inLanguage\":\"fr-FR\",\"@id\":\"https:\\\/\\\/vandervorst-art.com\\\/fr\\\/product\\\/non class\u00e9\\\/la-grande-baigneuse\\\/#primaryimage\",\"url\":\"https:\\\/\\\/vandervorst-art.com\\\/wp-content\\\/uploads\\\/2025\\\/10\\\/4236_003-20210615_113528-kopie-scaled-1.jpeg\",\"contentUrl\":\"https:\\\/\\\/vandervorst-art.com\\\/wp-content\\\/uploads\\\/2025\\\/10\\\/4236_003-20210615_113528-kopie-scaled-1.jpeg\",\"width\":1914,\"height\":2560},{\"@type\":\"BreadcrumbList\",\"@id\":\"https:\\\/\\\/vandervorst-art.com\\\/fr\\\/product\\\/non class\u00e9\\\/la-grande-baigneuse\\\/#breadcrumb\",\"itemListElement\":[{\"@type\":\"ListItem\",\"position\":1,\"name\":\"Maison\",\"item\":\"https:\\\/\\\/vandervorst-art.com\\\/fr\\\/artistes\\\/\"},{\"@type\":\"ListItem\",\"position\":2,\"name\":\"Boutique\",\"item\":\"https:\\\/\\\/vandervorst-art.com\\\/fr\\\/boutique\\\/\"},{\"@type\":\"ListItem\",\"position\":3,\"name\":\"Le grande Baigneuse (The large Bather)\"}]},{\"@type\":\"WebSite\",\"@id\":\"https:\\\/\\\/vandervorst-art.com\\\/fr\\\/#website\",\"url\":\"https:\\\/\\\/vandervorst-art.com\\\/fr\\\/\",\"name\":\"Van der Vorst \u2013 Art\",\"description\":\"\",\"publisher\":{\"@id\":\"https:\\\/\\\/vandervorst-art.com\\\/fr\\\/#organization\"},\"potentialAction\":[{\"@type\":\"SearchAction\",\"target\":{\"@type\":\"EntryPoint\",\"urlTemplate\":\"https:\\\/\\\/vandervorst-art.com\\\/fr\\\/?s={search_term_string}\"},\"query-input\":{\"@type\":\"PropertyValueSpecification\",\"valueRequired\":true,\"valueName\":\"search_term_string\"}}],\"inLanguage\":\"fr-FR\"},{\"@type\":\"Organization\",\"@id\":\"https:\\\/\\\/vandervorst-art.com\\\/fr\\\/#organization\",\"name\":\"Van der Vorst \u2013 Art\",\"url\":\"https:\\\/\\\/vandervorst-art.com\\\/fr\\\/\",\"logo\":{\"@type\":\"ImageObject\",\"inLanguage\":\"fr-FR\",\"@id\":\"https:\\\/\\\/vandervorst-art.com\\\/fr\\\/#\\\/schema\\\/logo\\\/image\\\/\",\"url\":\"https:\\\/\\\/vandervorst-art.com\\\/wp-content\\\/uploads\\\/2025\\\/10\\\/GuidoLogo_H2.svg\",\"contentUrl\":\"https:\\\/\\\/vandervorst-art.com\\\/wp-content\\\/uploads\\\/2025\\\/10\\\/GuidoLogo_H2.svg\",\"width\":3000,\"height\":786,\"caption\":\"Van der Vorst \u2013 Art\"},\"image\":{\"@id\":\"https:\\\/\\\/vandervorst-art.com\\\/fr\\\/#\\\/schema\\\/logo\\\/image\\\/\"},\"sameAs\":[\"https:\\\/\\\/www.instagram.com\\\/vandervorstart\\\/\",\"https:\\\/\\\/www.youtube.com\\\/@vandervorst-art3733\"]}]}<\/script>\n<meta property=\"product:price:currency\" content=\"EUR\" \/>\n<meta property=\"og:availability\" content=\"out of stock\" \/>\n<meta property=\"product:availability\" content=\"out of stock\" \/>\n<meta property=\"product:condition\" content=\"new\" \/>\n<!-- \/ Yoast SEO Premium plugin. -->","yoast_head_json":{"title":"- Le grande Baigneuse (The large Bather) - Van der Vorst \u2013 Art","robots":{"index":"index","follow":"follow","max-snippet":"max-snippet:-1","max-image-preview":"max-image-preview:large","max-video-preview":"max-video-preview:-1"},"canonical":"https:\/\/vandervorst-art.com\/fr\/product\/non class\u00e9\/la-grande-baigneuse\/","og_locale":"fr_FR","og_type":"article","og_title":"Le grande Baigneuse (The large Bather)","og_url":"https:\/\/vandervorst-art.com\/fr\/product\/non class\u00e9\/la-grande-baigneuse\/","og_site_name":"Van der Vorst \u2013 Art","article_modified_time":"2026-04-01T05:32:16+00:00","og_image":[{"width":1914,"height":2560,"url":"https:\/\/vandervorst-art.com\/wp-content\/uploads\/2025\/10\/4236_003-20210615_113528-kopie-scaled-1.jpeg","type":"image\/jpeg"}],"twitter_card":"summary_large_image","twitter_misc":{"Prix":"","Disponibilit\u00e9":"Rupture de stock"},"schema":{"@context":"https:\/\/schema.org","@graph":[{"@type":"WebPage","@id":"https:\/\/vandervorst-art.com\/fr\/product\/non class\u00e9\/la-grande-baigneuse\/","url":"https:\/\/vandervorst-art.com\/fr\/product\/non class\u00e9\/la-grande-baigneuse\/","name":"- Le grande Baigneuse (The large Bather) - Van der Vorst \u2013 Art","isPartOf":{"@id":"https:\/\/vandervorst-art.com\/fr\/#website"},"primaryImageOfPage":{"@id":"https:\/\/vandervorst-art.com\/fr\/product\/non class\u00e9\/la-grande-baigneuse\/#primaryimage"},"image":{"@id":"https:\/\/vandervorst-art.com\/fr\/product\/non class\u00e9\/la-grande-baigneuse\/#primaryimage"},"thumbnailUrl":"https:\/\/vandervorst-art.com\/wp-content\/uploads\/2025\/10\/4236_003-20210615_113528-kopie-scaled-1.jpeg","datePublished":"2025-10-07T10:47:53+00:00","dateModified":"2026-04-01T05:32:16+00:00","breadcrumb":{"@id":"https:\/\/vandervorst-art.com\/fr\/product\/non class\u00e9\/la-grande-baigneuse\/#breadcrumb"},"inLanguage":"fr-FR","potentialAction":[{"@type":"ReadAction","target":["https:\/\/vandervorst-art.com\/fr\/product\/non class\u00e9\/la-grande-baigneuse\/"]}]},{"@type":"ImageObject","inLanguage":"fr-FR","@id":"https:\/\/vandervorst-art.com\/fr\/product\/non class\u00e9\/la-grande-baigneuse\/#primaryimage","url":"https:\/\/vandervorst-art.com\/wp-content\/uploads\/2025\/10\/4236_003-20210615_113528-kopie-scaled-1.jpeg","contentUrl":"https:\/\/vandervorst-art.com\/wp-content\/uploads\/2025\/10\/4236_003-20210615_113528-kopie-scaled-1.jpeg","width":1914,"height":2560},{"@type":"BreadcrumbList","@id":"https:\/\/vandervorst-art.com\/fr\/product\/non class\u00e9\/la-grande-baigneuse\/#breadcrumb","itemListElement":[{"@type":"ListItem","position":1,"name":"Maison","item":"https:\/\/vandervorst-art.com\/fr\/artistes\/"},{"@type":"ListItem","position":2,"name":"Boutique","item":"https:\/\/vandervorst-art.com\/fr\/boutique\/"},{"@type":"ListItem","position":3,"name":"Le grande Baigneuse (The large Bather)"}]},{"@type":"WebSite","@id":"https:\/\/vandervorst-art.com\/fr\/#website","url":"https:\/\/vandervorst-art.com\/fr\/","name":"Van der Vorst \u2013 Art","description":"","publisher":{"@id":"https:\/\/vandervorst-art.com\/fr\/#organization"},"potentialAction":[{"@type":"SearchAction","target":{"@type":"EntryPoint","urlTemplate":"https:\/\/vandervorst-art.com\/fr\/?s={search_term_string}"},"query-input":{"@type":"PropertyValueSpecification","valueRequired":true,"valueName":"search_term_string"}}],"inLanguage":"fr-FR"},{"@type":"Organization","@id":"https:\/\/vandervorst-art.com\/fr\/#organization","name":"Van der Vorst \u2013 Art","url":"https:\/\/vandervorst-art.com\/fr\/","logo":{"@type":"ImageObject","inLanguage":"fr-FR","@id":"https:\/\/vandervorst-art.com\/fr\/#\/schema\/logo\/image\/","url":"https:\/\/vandervorst-art.com\/wp-content\/uploads\/2025\/10\/GuidoLogo_H2.svg","contentUrl":"https:\/\/vandervorst-art.com\/wp-content\/uploads\/2025\/10\/GuidoLogo_H2.svg","width":3000,"height":786,"caption":"Van der Vorst \u2013 Art"},"image":{"@id":"https:\/\/vandervorst-art.com\/fr\/#\/schema\/logo\/image\/"},"sameAs":["https:\/\/www.instagram.com\/vandervorstart\/","https:\/\/www.youtube.com\/@vandervorst-art3733"]}]},"product_price_currency":"EUR","og_availability":"out of stock","product_availability":"out of stock","product_condition":"new"},"_links":{"self":[{"href":"https:\/\/vandervorst-art.com\/fr\/wp-json\/wp\/v2\/product\/3431","targetHints":{"allow":["GET"]}}],"collection":[{"href":"https:\/\/vandervorst-art.com\/fr\/wp-json\/wp\/v2\/product"}],"about":[{"href":"https:\/\/vandervorst-art.com\/fr\/wp-json\/wp\/v2\/types\/product"}],"wp:featuredmedia":[{"embeddable":true,"href":"https:\/\/vandervorst-art.com\/fr\/wp-json\/wp\/v2\/media\/3432"}],"wp:attachment":[{"href":"https:\/\/vandervorst-art.com\/fr\/wp-json\/wp\/v2\/media?parent=3431"}],"wp:term":[{"taxonomy":"product_brand","embeddable":true,"href":"https:\/\/vandervorst-art.com\/fr\/wp-json\/wp\/v2\/product_brand?post=3431"},{"taxonomy":"product_cat","embeddable":true,"href":"https:\/\/vandervorst-art.com\/fr\/wp-json\/wp\/v2\/product_cat?post=3431"},{"taxonomy":"product_tag","embeddable":true,"href":"https:\/\/vandervorst-art.com\/fr\/wp-json\/wp\/v2\/product_tag?post=3431"}],"curies":[{"name":"wp","href":"https:\/\/api.w.org\/{rel}","templated":true}]}}