{"id":2369,"date":"2025-10-07T10:42:08","date_gmt":"2025-10-07T10:42:08","guid":{"rendered":"https:\/\/vandervorst-art.com\/product\/non%20class\u00e9\/tulipes-violettes-1\/"},"modified":"2025-10-14T10:12:39","modified_gmt":"2025-10-14T10:12:39","slug":"tulipes-violettes-1","status":"publish","type":"product","link":"https:\/\/vandervorst-art.com\/fr\/product\/alex-katz\/tulipes-violettes-1\/","title":{"rendered":"Purple Tulips 1"},"content":{"rendered":"<p><strong>Ales Katz &#8211; Purple Tulips 1<\/strong><br \/>\nEncre pigmentaire archive sur papier beaux-arts Innova Etching Cotton Rag 315 g\/m\u00b2, 2021<br \/>\n<span class=\"bold\">\u00c9dition :<\/span> 100<br \/>\n<span class=\"bold\">Sign\u00e9 et num\u00e9rot\u00e9 (41\/100) au crayon<br \/>\nFormat du papier :<\/span> 80,0 x 119,0 cm (32 x 47 pouces)<\/p>\n","protected":false},"excerpt":{"rendered":"<p>Ales Katz &#8211; Purple Tulips 1 Encre pigmentaire archive sur papier beaux-arts Innova Etching Cotton Rag 315 g\/m\u00b2, 2021 \u00c9dition : 100 Sign\u00e9 et num\u00e9rot\u00e9 (41\/100) au crayon Format du&hellip;<\/p>\n","protected":false},"featured_media":2370,"template":"","meta":{"_acf_changed":false,"inline_featured_image":false},"product_brand":[],"product_cat":[90],"product_tag":[],"class_list":{"0":"post-2369","1":"product","2":"type-product","3":"status-publish","4":"has-post-thumbnail","6":"product_cat-alex-katz","7":"product_shipping_class-monde-non-encadre-x-large","9":"first","10":"instock","11":"sold-individually","12":"purchasable","13":"product-type-simple","14":"layout-style-2","15":"col-md-4 col-sm-4 col-xs-6","16":"col-lg-3","17":"product-style-addtocart"},"acf":[],"yoast_head":"<!-- This site is optimized with the Yoast SEO Premium plugin v27.3 (Yoast SEO v27.3) - https:\/\/yoast.com\/product\/yoast-seo-premium-wordpress\/ -->\n<title>Alex Katz - Purple Tulips 1 - Van der Vorst \u2013 Art<\/title>\n<meta name=\"robots\" content=\"index, follow, max-snippet:-1, max-image-preview:large, max-video-preview:-1\" \/>\n<link rel=\"canonical\" href=\"https:\/\/vandervorst-art.com\/fr\/product\/alex-katz\/tulipes-violettes-1\/\" \/>\n<meta property=\"og:locale\" content=\"fr_FR\" \/>\n<meta property=\"og:type\" content=\"article\" \/>\n<meta property=\"og:title\" content=\"Purple Tulips 1\" \/>\n<meta property=\"og:url\" content=\"https:\/\/vandervorst-art.com\/fr\/product\/alex-katz\/tulipes-violettes-1\/\" \/>\n<meta property=\"og:site_name\" content=\"Van der Vorst \u2013 Art\" \/>\n<meta property=\"article:modified_time\" content=\"2025-10-14T10:12:39+00:00\" \/>\n<meta property=\"og:image\" content=\"https:\/\/vandervorst-art.com\/wp-content\/uploads\/2025\/10\/Purlple-tulips-1-1-scaled-1.jpg\" \/>\n\t<meta property=\"og:image:width\" content=\"2560\" \/>\n\t<meta property=\"og:image:height\" content=\"1706\" \/>\n\t<meta property=\"og:image:type\" content=\"image\/jpeg\" \/>\n<meta name=\"twitter:card\" content=\"summary_large_image\" \/>\n<meta name=\"twitter:label1\" content=\"Prix\" \/>\n\t<meta name=\"twitter:data1\" content=\"&euro;&nbsp;22.000\" \/>\n\t<meta name=\"twitter:label2\" content=\"Disponibilit\u00e9\" \/>\n\t<meta name=\"twitter:data2\" content=\"En stock\" \/>\n<script type=\"application\/ld+json\" class=\"yoast-schema-graph\">{\"@context\":\"https:\\\/\\\/schema.org\",\"@graph\":[{\"@type\":\"WebPage\",\"@id\":\"https:\\\/\\\/vandervorst-art.com\\\/fr\\\/product\\\/alex-katz\\\/tulipes-violettes-1\\\/\",\"url\":\"https:\\\/\\\/vandervorst-art.com\\\/fr\\\/product\\\/alex-katz\\\/tulipes-violettes-1\\\/\",\"name\":\"Alex Katz - Purple Tulips 1 - Van der Vorst \u2013 Art\",\"isPartOf\":{\"@id\":\"https:\\\/\\\/vandervorst-art.com\\\/fr\\\/#website\"},\"primaryImageOfPage\":{\"@id\":\"https:\\\/\\\/vandervorst-art.com\\\/fr\\\/product\\\/alex-katz\\\/tulipes-violettes-1\\\/#primaryimage\"},\"image\":{\"@id\":\"https:\\\/\\\/vandervorst-art.com\\\/fr\\\/product\\\/alex-katz\\\/tulipes-violettes-1\\\/#primaryimage\"},\"thumbnailUrl\":\"https:\\\/\\\/vandervorst-art.com\\\/wp-content\\\/uploads\\\/2025\\\/10\\\/Purlple-tulips-1-1-scaled-1.jpg\",\"datePublished\":\"2025-10-07T10:42:08+00:00\",\"dateModified\":\"2025-10-14T10:12:39+00:00\",\"breadcrumb\":{\"@id\":\"https:\\\/\\\/vandervorst-art.com\\\/fr\\\/product\\\/alex-katz\\\/tulipes-violettes-1\\\/#breadcrumb\"},\"inLanguage\":\"fr-FR\",\"potentialAction\":[{\"@type\":\"ReadAction\",\"target\":[\"https:\\\/\\\/vandervorst-art.com\\\/fr\\\/product\\\/alex-katz\\\/tulipes-violettes-1\\\/\"]}]},{\"@type\":\"ImageObject\",\"inLanguage\":\"fr-FR\",\"@id\":\"https:\\\/\\\/vandervorst-art.com\\\/fr\\\/product\\\/alex-katz\\\/tulipes-violettes-1\\\/#primaryimage\",\"url\":\"https:\\\/\\\/vandervorst-art.com\\\/wp-content\\\/uploads\\\/2025\\\/10\\\/Purlple-tulips-1-1-scaled-1.jpg\",\"contentUrl\":\"https:\\\/\\\/vandervorst-art.com\\\/wp-content\\\/uploads\\\/2025\\\/10\\\/Purlple-tulips-1-1-scaled-1.jpg\",\"width\":2560,\"height\":1706},{\"@type\":\"BreadcrumbList\",\"@id\":\"https:\\\/\\\/vandervorst-art.com\\\/fr\\\/product\\\/alex-katz\\\/tulipes-violettes-1\\\/#breadcrumb\",\"itemListElement\":[{\"@type\":\"ListItem\",\"position\":1,\"name\":\"Maison\",\"item\":\"https:\\\/\\\/vandervorst-art.com\\\/fr\\\/artistes\\\/\"},{\"@type\":\"ListItem\",\"position\":2,\"name\":\"Boutique\",\"item\":\"https:\\\/\\\/vandervorst-art.com\\\/fr\\\/boutique\\\/\"},{\"@type\":\"ListItem\",\"position\":3,\"name\":\"Purple Tulips 1\"}]},{\"@type\":\"WebSite\",\"@id\":\"https:\\\/\\\/vandervorst-art.com\\\/fr\\\/#website\",\"url\":\"https:\\\/\\\/vandervorst-art.com\\\/fr\\\/\",\"name\":\"Van der Vorst \u2013 Art\",\"description\":\"\",\"publisher\":{\"@id\":\"https:\\\/\\\/vandervorst-art.com\\\/fr\\\/#organization\"},\"potentialAction\":[{\"@type\":\"SearchAction\",\"target\":{\"@type\":\"EntryPoint\",\"urlTemplate\":\"https:\\\/\\\/vandervorst-art.com\\\/fr\\\/?s={search_term_string}\"},\"query-input\":{\"@type\":\"PropertyValueSpecification\",\"valueRequired\":true,\"valueName\":\"search_term_string\"}}],\"inLanguage\":\"fr-FR\"},{\"@type\":\"Organization\",\"@id\":\"https:\\\/\\\/vandervorst-art.com\\\/fr\\\/#organization\",\"name\":\"Van der Vorst \u2013 Art\",\"url\":\"https:\\\/\\\/vandervorst-art.com\\\/fr\\\/\",\"logo\":{\"@type\":\"ImageObject\",\"inLanguage\":\"fr-FR\",\"@id\":\"https:\\\/\\\/vandervorst-art.com\\\/fr\\\/#\\\/schema\\\/logo\\\/image\\\/\",\"url\":\"https:\\\/\\\/vandervorst-art.com\\\/wp-content\\\/uploads\\\/2025\\\/10\\\/GuidoLogo_H2.svg\",\"contentUrl\":\"https:\\\/\\\/vandervorst-art.com\\\/wp-content\\\/uploads\\\/2025\\\/10\\\/GuidoLogo_H2.svg\",\"width\":3000,\"height\":786,\"caption\":\"Van der Vorst \u2013 Art\"},\"image\":{\"@id\":\"https:\\\/\\\/vandervorst-art.com\\\/fr\\\/#\\\/schema\\\/logo\\\/image\\\/\"},\"sameAs\":[\"https:\\\/\\\/www.instagram.com\\\/vandervorstart\\\/\",\"https:\\\/\\\/www.youtube.com\\\/@vandervorst-art3733\"]}]}<\/script>\n<meta property=\"product:price:amount\" content=\"22000\" \/>\n<meta property=\"product:price:currency\" content=\"EUR\" \/>\n<meta property=\"og:availability\" content=\"instock\" \/>\n<meta property=\"product:availability\" content=\"instock\" \/>\n<meta property=\"product:condition\" content=\"new\" \/>\n<!-- \/ Yoast SEO Premium plugin. -->","yoast_head_json":{"title":"Alex Katz - Purple Tulips 1 - Van der Vorst \u2013 Art","robots":{"index":"index","follow":"follow","max-snippet":"max-snippet:-1","max-image-preview":"max-image-preview:large","max-video-preview":"max-video-preview:-1"},"canonical":"https:\/\/vandervorst-art.com\/fr\/product\/alex-katz\/tulipes-violettes-1\/","og_locale":"fr_FR","og_type":"article","og_title":"Purple Tulips 1","og_url":"https:\/\/vandervorst-art.com\/fr\/product\/alex-katz\/tulipes-violettes-1\/","og_site_name":"Van der Vorst \u2013 Art","article_modified_time":"2025-10-14T10:12:39+00:00","og_image":[{"width":2560,"height":1706,"url":"https:\/\/vandervorst-art.com\/wp-content\/uploads\/2025\/10\/Purlple-tulips-1-1-scaled-1.jpg","type":"image\/jpeg"}],"twitter_card":"summary_large_image","twitter_misc":{"Prix":"&euro;&nbsp;22.000","Disponibilit\u00e9":"En stock"},"schema":{"@context":"https:\/\/schema.org","@graph":[{"@type":"WebPage","@id":"https:\/\/vandervorst-art.com\/fr\/product\/alex-katz\/tulipes-violettes-1\/","url":"https:\/\/vandervorst-art.com\/fr\/product\/alex-katz\/tulipes-violettes-1\/","name":"Alex Katz - Purple Tulips 1 - Van der Vorst \u2013 Art","isPartOf":{"@id":"https:\/\/vandervorst-art.com\/fr\/#website"},"primaryImageOfPage":{"@id":"https:\/\/vandervorst-art.com\/fr\/product\/alex-katz\/tulipes-violettes-1\/#primaryimage"},"image":{"@id":"https:\/\/vandervorst-art.com\/fr\/product\/alex-katz\/tulipes-violettes-1\/#primaryimage"},"thumbnailUrl":"https:\/\/vandervorst-art.com\/wp-content\/uploads\/2025\/10\/Purlple-tulips-1-1-scaled-1.jpg","datePublished":"2025-10-07T10:42:08+00:00","dateModified":"2025-10-14T10:12:39+00:00","breadcrumb":{"@id":"https:\/\/vandervorst-art.com\/fr\/product\/alex-katz\/tulipes-violettes-1\/#breadcrumb"},"inLanguage":"fr-FR","potentialAction":[{"@type":"ReadAction","target":["https:\/\/vandervorst-art.com\/fr\/product\/alex-katz\/tulipes-violettes-1\/"]}]},{"@type":"ImageObject","inLanguage":"fr-FR","@id":"https:\/\/vandervorst-art.com\/fr\/product\/alex-katz\/tulipes-violettes-1\/#primaryimage","url":"https:\/\/vandervorst-art.com\/wp-content\/uploads\/2025\/10\/Purlple-tulips-1-1-scaled-1.jpg","contentUrl":"https:\/\/vandervorst-art.com\/wp-content\/uploads\/2025\/10\/Purlple-tulips-1-1-scaled-1.jpg","width":2560,"height":1706},{"@type":"BreadcrumbList","@id":"https:\/\/vandervorst-art.com\/fr\/product\/alex-katz\/tulipes-violettes-1\/#breadcrumb","itemListElement":[{"@type":"ListItem","position":1,"name":"Maison","item":"https:\/\/vandervorst-art.com\/fr\/artistes\/"},{"@type":"ListItem","position":2,"name":"Boutique","item":"https:\/\/vandervorst-art.com\/fr\/boutique\/"},{"@type":"ListItem","position":3,"name":"Purple Tulips 1"}]},{"@type":"WebSite","@id":"https:\/\/vandervorst-art.com\/fr\/#website","url":"https:\/\/vandervorst-art.com\/fr\/","name":"Van der Vorst \u2013 Art","description":"","publisher":{"@id":"https:\/\/vandervorst-art.com\/fr\/#organization"},"potentialAction":[{"@type":"SearchAction","target":{"@type":"EntryPoint","urlTemplate":"https:\/\/vandervorst-art.com\/fr\/?s={search_term_string}"},"query-input":{"@type":"PropertyValueSpecification","valueRequired":true,"valueName":"search_term_string"}}],"inLanguage":"fr-FR"},{"@type":"Organization","@id":"https:\/\/vandervorst-art.com\/fr\/#organization","name":"Van der Vorst \u2013 Art","url":"https:\/\/vandervorst-art.com\/fr\/","logo":{"@type":"ImageObject","inLanguage":"fr-FR","@id":"https:\/\/vandervorst-art.com\/fr\/#\/schema\/logo\/image\/","url":"https:\/\/vandervorst-art.com\/wp-content\/uploads\/2025\/10\/GuidoLogo_H2.svg","contentUrl":"https:\/\/vandervorst-art.com\/wp-content\/uploads\/2025\/10\/GuidoLogo_H2.svg","width":3000,"height":786,"caption":"Van der Vorst \u2013 Art"},"image":{"@id":"https:\/\/vandervorst-art.com\/fr\/#\/schema\/logo\/image\/"},"sameAs":["https:\/\/www.instagram.com\/vandervorstart\/","https:\/\/www.youtube.com\/@vandervorst-art3733"]}]},"product_price_amount":"22000","product_price_currency":"EUR","og_availability":"instock","product_availability":"instock","product_condition":"new"},"_links":{"self":[{"href":"https:\/\/vandervorst-art.com\/fr\/wp-json\/wp\/v2\/product\/2369","targetHints":{"allow":["GET"]}}],"collection":[{"href":"https:\/\/vandervorst-art.com\/fr\/wp-json\/wp\/v2\/product"}],"about":[{"href":"https:\/\/vandervorst-art.com\/fr\/wp-json\/wp\/v2\/types\/product"}],"wp:featuredmedia":[{"embeddable":true,"href":"https:\/\/vandervorst-art.com\/fr\/wp-json\/wp\/v2\/media\/2370"}],"wp:attachment":[{"href":"https:\/\/vandervorst-art.com\/fr\/wp-json\/wp\/v2\/media?parent=2369"}],"wp:term":[{"taxonomy":"product_brand","embeddable":true,"href":"https:\/\/vandervorst-art.com\/fr\/wp-json\/wp\/v2\/product_brand?post=2369"},{"taxonomy":"product_cat","embeddable":true,"href":"https:\/\/vandervorst-art.com\/fr\/wp-json\/wp\/v2\/product_cat?post=2369"},{"taxonomy":"product_tag","embeddable":true,"href":"https:\/\/vandervorst-art.com\/fr\/wp-json\/wp\/v2\/product_tag?post=2369"}],"curies":[{"name":"wp","href":"https:\/\/api.w.org\/{rel}","templated":true}]}}