{"id":2190,"date":"2025-10-07T10:38:53","date_gmt":"2025-10-07T10:38:53","guid":{"rendered":"https:\/\/vandervorst-art.com\/product\/non class\u00e9\/kaws-share\/"},"modified":"2025-10-07T10:38:53","modified_gmt":"2025-10-07T10:38:53","slug":"kaws-share","status":"publish","type":"product","link":"https:\/\/vandervorst-art.com\/fr\/product\/vendu\/kaws-share\/","title":{"rendered":"KAWS &#8211; share"},"content":{"rendered":"<p>S\u00e9rigraphie sur papier gris Stonehenge, 2021<br \/>\nSign\u00e9e, num\u00e9rot\u00e9e et dat\u00e9e au crayon<br \/>\nFormat du papier : 50,8 x 40,6 cm (20 x 16 pouces)<br \/>\n\u00c9dition de 500, avec 100 AP<\/p>\n<p><strong>Pour plus d&rsquo;informations, veuillez <\/strong><strong><a href=\"https:\/\/www.vandervorst-art.com\/nl\/contact\/#view\">nous contacter<\/a> <\/strong><strong>.<\/strong><\/p>\n","protected":false},"excerpt":{"rendered":"<p>S\u00e9rigraphie sur papier gris Stonehenge, 2021 Sign\u00e9e, num\u00e9rot\u00e9e et dat\u00e9e au crayon Format du papier : 50,8 x 40,6 cm (20 x 16 pouces) \u00c9dition de 500, avec 100 AP&hellip;<\/p>\n","protected":false},"featured_media":0,"template":"","meta":{"_acf_changed":false,"inline_featured_image":false},"product_brand":[],"product_cat":[72],"product_tag":[],"class_list":{"0":"post-2190","1":"product","2":"type-product","3":"status-publish","5":"product_cat-vendu","7":"first","8":"outofstock","9":"sold-individually","10":"shipping-taxable","11":"product-type-simple","12":"layout-style-2","13":"col-md-4 col-sm-4 col-xs-6","14":"col-lg-3","15":"product-style-addtocart"},"acf":[],"yoast_head":"<!-- This site is optimized with the Yoast SEO Premium plugin v27.3 (Yoast SEO v27.3) - https:\/\/yoast.com\/product\/yoast-seo-premium-wordpress\/ -->\n<title>Vendu - KAWS - share - Van der Vorst \u2013 Art<\/title>\n<meta name=\"robots\" content=\"index, follow, max-snippet:-1, max-image-preview:large, max-video-preview:-1\" \/>\n<link rel=\"canonical\" href=\"https:\/\/vandervorst-art.com\/fr\/product\/vendu\/kaws-share\/\" \/>\n<meta property=\"og:locale\" content=\"fr_FR\" \/>\n<meta property=\"og:type\" content=\"article\" \/>\n<meta property=\"og:title\" content=\"KAWS - share\" \/>\n<meta property=\"og:url\" content=\"https:\/\/vandervorst-art.com\/fr\/product\/vendu\/kaws-share\/\" \/>\n<meta property=\"og:site_name\" content=\"Van der Vorst \u2013 Art\" \/>\n<meta property=\"og:image\" content=\"https:\/\/vandervorst-art.com\/wp-content\/uploads\/2025\/10\/KAWS-Share-Print-Signed-Edition-of-500.jpg\" \/>\n\t<meta property=\"og:image:width\" content=\"1000\" \/>\n\t<meta property=\"og:image:height\" content=\"1000\" \/>\n\t<meta property=\"og:image:type\" content=\"image\/jpeg\" \/>\n<meta name=\"twitter:card\" content=\"summary_large_image\" \/>\n<meta name=\"twitter:label1\" content=\"Prix\" \/>\n\t<meta name=\"twitter:data1\" content=\"\" \/>\n\t<meta name=\"twitter:label2\" content=\"Disponibilit\u00e9\" \/>\n\t<meta name=\"twitter:data2\" content=\"Rupture de stock\" \/>\n<script type=\"application\/ld+json\" class=\"yoast-schema-graph\">{\"@context\":\"https:\\\/\\\/schema.org\",\"@graph\":[{\"@type\":\"WebPage\",\"@id\":\"https:\\\/\\\/vandervorst-art.com\\\/fr\\\/product\\\/vendu\\\/kaws-share\\\/\",\"url\":\"https:\\\/\\\/vandervorst-art.com\\\/fr\\\/product\\\/vendu\\\/kaws-share\\\/\",\"name\":\"Vendu - KAWS - share - Van der Vorst \u2013 Art\",\"isPartOf\":{\"@id\":\"https:\\\/\\\/vandervorst-art.com\\\/fr\\\/#website\"},\"datePublished\":\"2025-10-07T10:38:53+00:00\",\"breadcrumb\":{\"@id\":\"https:\\\/\\\/vandervorst-art.com\\\/fr\\\/product\\\/vendu\\\/kaws-share\\\/#breadcrumb\"},\"inLanguage\":\"fr-FR\",\"potentialAction\":[{\"@type\":\"ReadAction\",\"target\":[\"https:\\\/\\\/vandervorst-art.com\\\/fr\\\/product\\\/vendu\\\/kaws-share\\\/\"]}]},{\"@type\":\"BreadcrumbList\",\"@id\":\"https:\\\/\\\/vandervorst-art.com\\\/fr\\\/product\\\/vendu\\\/kaws-share\\\/#breadcrumb\",\"itemListElement\":[{\"@type\":\"ListItem\",\"position\":1,\"name\":\"Maison\",\"item\":\"https:\\\/\\\/vandervorst-art.com\\\/fr\\\/artistes\\\/\"},{\"@type\":\"ListItem\",\"position\":2,\"name\":\"Boutique\",\"item\":\"https:\\\/\\\/vandervorst-art.com\\\/fr\\\/boutique\\\/\"},{\"@type\":\"ListItem\",\"position\":3,\"name\":\"KAWS &#8211; share\"}]},{\"@type\":\"WebSite\",\"@id\":\"https:\\\/\\\/vandervorst-art.com\\\/fr\\\/#website\",\"url\":\"https:\\\/\\\/vandervorst-art.com\\\/fr\\\/\",\"name\":\"Van der Vorst \u2013 Art\",\"description\":\"\",\"publisher\":{\"@id\":\"https:\\\/\\\/vandervorst-art.com\\\/fr\\\/#organization\"},\"potentialAction\":[{\"@type\":\"SearchAction\",\"target\":{\"@type\":\"EntryPoint\",\"urlTemplate\":\"https:\\\/\\\/vandervorst-art.com\\\/fr\\\/?s={search_term_string}\"},\"query-input\":{\"@type\":\"PropertyValueSpecification\",\"valueRequired\":true,\"valueName\":\"search_term_string\"}}],\"inLanguage\":\"fr-FR\"},{\"@type\":\"Organization\",\"@id\":\"https:\\\/\\\/vandervorst-art.com\\\/fr\\\/#organization\",\"name\":\"Van der Vorst \u2013 Art\",\"url\":\"https:\\\/\\\/vandervorst-art.com\\\/fr\\\/\",\"logo\":{\"@type\":\"ImageObject\",\"inLanguage\":\"fr-FR\",\"@id\":\"https:\\\/\\\/vandervorst-art.com\\\/fr\\\/#\\\/schema\\\/logo\\\/image\\\/\",\"url\":\"https:\\\/\\\/vandervorst-art.com\\\/wp-content\\\/uploads\\\/2025\\\/10\\\/GuidoLogo_H2.svg\",\"contentUrl\":\"https:\\\/\\\/vandervorst-art.com\\\/wp-content\\\/uploads\\\/2025\\\/10\\\/GuidoLogo_H2.svg\",\"width\":3000,\"height\":786,\"caption\":\"Van der Vorst \u2013 Art\"},\"image\":{\"@id\":\"https:\\\/\\\/vandervorst-art.com\\\/fr\\\/#\\\/schema\\\/logo\\\/image\\\/\"},\"sameAs\":[\"https:\\\/\\\/www.instagram.com\\\/vandervorstart\\\/\",\"https:\\\/\\\/www.youtube.com\\\/@vandervorst-art3733\"]}]}<\/script>\n<meta property=\"product:price:currency\" content=\"EUR\" \/>\n<meta property=\"og:availability\" content=\"out of stock\" \/>\n<meta property=\"product:availability\" content=\"out of stock\" \/>\n<meta property=\"product:condition\" content=\"new\" \/>\n<!-- \/ Yoast SEO Premium plugin. -->","yoast_head_json":{"title":"Vendu - KAWS - share - Van der Vorst \u2013 Art","robots":{"index":"index","follow":"follow","max-snippet":"max-snippet:-1","max-image-preview":"max-image-preview:large","max-video-preview":"max-video-preview:-1"},"canonical":"https:\/\/vandervorst-art.com\/fr\/product\/vendu\/kaws-share\/","og_locale":"fr_FR","og_type":"article","og_title":"KAWS - share","og_url":"https:\/\/vandervorst-art.com\/fr\/product\/vendu\/kaws-share\/","og_site_name":"Van der Vorst \u2013 Art","og_image":[{"width":1000,"height":1000,"url":"https:\/\/vandervorst-art.com\/wp-content\/uploads\/2025\/10\/KAWS-Share-Print-Signed-Edition-of-500.jpg","type":"image\/jpeg"}],"twitter_card":"summary_large_image","twitter_misc":{"Prix":"","Disponibilit\u00e9":"Rupture de stock"},"schema":{"@context":"https:\/\/schema.org","@graph":[{"@type":"WebPage","@id":"https:\/\/vandervorst-art.com\/fr\/product\/vendu\/kaws-share\/","url":"https:\/\/vandervorst-art.com\/fr\/product\/vendu\/kaws-share\/","name":"Vendu - KAWS - share - Van der Vorst \u2013 Art","isPartOf":{"@id":"https:\/\/vandervorst-art.com\/fr\/#website"},"datePublished":"2025-10-07T10:38:53+00:00","breadcrumb":{"@id":"https:\/\/vandervorst-art.com\/fr\/product\/vendu\/kaws-share\/#breadcrumb"},"inLanguage":"fr-FR","potentialAction":[{"@type":"ReadAction","target":["https:\/\/vandervorst-art.com\/fr\/product\/vendu\/kaws-share\/"]}]},{"@type":"BreadcrumbList","@id":"https:\/\/vandervorst-art.com\/fr\/product\/vendu\/kaws-share\/#breadcrumb","itemListElement":[{"@type":"ListItem","position":1,"name":"Maison","item":"https:\/\/vandervorst-art.com\/fr\/artistes\/"},{"@type":"ListItem","position":2,"name":"Boutique","item":"https:\/\/vandervorst-art.com\/fr\/boutique\/"},{"@type":"ListItem","position":3,"name":"KAWS &#8211; share"}]},{"@type":"WebSite","@id":"https:\/\/vandervorst-art.com\/fr\/#website","url":"https:\/\/vandervorst-art.com\/fr\/","name":"Van der Vorst \u2013 Art","description":"","publisher":{"@id":"https:\/\/vandervorst-art.com\/fr\/#organization"},"potentialAction":[{"@type":"SearchAction","target":{"@type":"EntryPoint","urlTemplate":"https:\/\/vandervorst-art.com\/fr\/?s={search_term_string}"},"query-input":{"@type":"PropertyValueSpecification","valueRequired":true,"valueName":"search_term_string"}}],"inLanguage":"fr-FR"},{"@type":"Organization","@id":"https:\/\/vandervorst-art.com\/fr\/#organization","name":"Van der Vorst \u2013 Art","url":"https:\/\/vandervorst-art.com\/fr\/","logo":{"@type":"ImageObject","inLanguage":"fr-FR","@id":"https:\/\/vandervorst-art.com\/fr\/#\/schema\/logo\/image\/","url":"https:\/\/vandervorst-art.com\/wp-content\/uploads\/2025\/10\/GuidoLogo_H2.svg","contentUrl":"https:\/\/vandervorst-art.com\/wp-content\/uploads\/2025\/10\/GuidoLogo_H2.svg","width":3000,"height":786,"caption":"Van der Vorst \u2013 Art"},"image":{"@id":"https:\/\/vandervorst-art.com\/fr\/#\/schema\/logo\/image\/"},"sameAs":["https:\/\/www.instagram.com\/vandervorstart\/","https:\/\/www.youtube.com\/@vandervorst-art3733"]}]},"product_price_currency":"EUR","og_availability":"out of stock","product_availability":"out of stock","product_condition":"new"},"_links":{"self":[{"href":"https:\/\/vandervorst-art.com\/fr\/wp-json\/wp\/v2\/product\/2190","targetHints":{"allow":["GET"]}}],"collection":[{"href":"https:\/\/vandervorst-art.com\/fr\/wp-json\/wp\/v2\/product"}],"about":[{"href":"https:\/\/vandervorst-art.com\/fr\/wp-json\/wp\/v2\/types\/product"}],"wp:attachment":[{"href":"https:\/\/vandervorst-art.com\/fr\/wp-json\/wp\/v2\/media?parent=2190"}],"wp:term":[{"taxonomy":"product_brand","embeddable":true,"href":"https:\/\/vandervorst-art.com\/fr\/wp-json\/wp\/v2\/product_brand?post=2190"},{"taxonomy":"product_cat","embeddable":true,"href":"https:\/\/vandervorst-art.com\/fr\/wp-json\/wp\/v2\/product_cat?post=2190"},{"taxonomy":"product_tag","embeddable":true,"href":"https:\/\/vandervorst-art.com\/fr\/wp-json\/wp\/v2\/product_tag?post=2190"}],"curies":[{"name":"wp","href":"https:\/\/api.w.org\/{rel}","templated":true}]}}