{"id":4058,"date":"2025-10-07T10:59:33","date_gmt":"2025-10-07T10:59:33","guid":{"rendered":"https:\/\/vandervorst-art.com\/product\/unkategorisiert\/tete-de-jeune-fille-portraet-von-francoise\/"},"modified":"2026-01-19T10:36:36","modified_gmt":"2026-01-19T10:36:36","slug":"tete-de-jeune-fille-portrait-de-francoise","status":"publish","type":"product","link":"https:\/\/vandervorst-art.com\/de\/product\/pablo-picasso\/tete-de-jeune-fille-portrait-de-francoise\/","title":{"rendered":"T\u00eate de jeune fille \u2013 Portrait de Fran\u00e7oise"},"content":{"rendered":"<p><iframe loading=\"lazy\" title=\"Pablo Picasso- Te\u0302te de jeune fille \u2013 Portrait de Franc\u0327oise, 1949\" width=\"640\" height=\"360\" src=\"https:\/\/www.youtube.com\/embed\/B8hHEXsdO18?feature=oembed\" frameborder=\"0\" allow=\"accelerometer; autoplay; clipboard-write; encrypted-media; gyroscope; picture-in-picture; web-share\" referrerpolicy=\"strict-origin-when-cross-origin\" allowfullscreen><\/iframe><\/p>\n","protected":false},"excerpt":{"rendered":"https:\/\/youtu.be\/B8hHEXsdO18?si=SIbqYMYmJ3YgSH3i","protected":false},"featured_media":4059,"template":"","meta":{"_acf_changed":false,"inline_featured_image":false},"product_brand":[],"product_cat":[115],"product_tag":[],"class_list":{"0":"post-4058","1":"product","2":"type-product","3":"status-publish","4":"has-post-thumbnail","6":"product_cat-pablo-picasso","7":"product_shipping_class-weltweit-gerahmt-mittel","9":"first","10":"instock","11":"featured","12":"sold-individually","13":"purchasable","14":"product-type-simple","15":"layout-style-2","16":"col-md-4 col-sm-4 col-xs-6","17":"col-lg-3","18":"product-style-addtocart"},"acf":[],"yoast_head":"<!-- This site is optimized with the Yoast SEO Premium plugin v27.3 (Yoast SEO v27.3) - https:\/\/yoast.com\/product\/yoast-seo-premium-wordpress\/ -->\n<title>Pablo Picasso - Pablo Picasso T\u00eate de jeune fille Lithographie 1949 Kunst - Van der Vorst \u2013 Art<\/title>\n<meta name=\"description\" content=\"Erweitern Sie Ihre Kunstsammlung mit der Lithografie \u201eT\u00eate de jeune fille\u201c von Pablo Picasso aus dem Jahr 1949. Dieses einzigartige Werk spricht B\u00e4nde \u00fcber k\u00fcnstlerische Vision. Holen Sie sich Ihres!\" \/>\n<meta name=\"robots\" content=\"index, follow, max-snippet:-1, max-image-preview:large, max-video-preview:-1\" \/>\n<link rel=\"canonical\" href=\"https:\/\/vandervorst-art.com\/de\/product\/pablo-picasso\/tete-de-jeune-fille-portrait-de-francoise\/\" \/>\n<meta property=\"og:locale\" content=\"de_DE\" \/>\n<meta property=\"og:type\" content=\"article\" \/>\n<meta property=\"og:title\" content=\"T\u00eate de jeune fille \u2013 Portrait de Fran\u00e7oise\" \/>\n<meta property=\"og:description\" content=\"Erweitern Sie Ihre Kunstsammlung mit der Lithografie \u201eT\u00eate de jeune fille\u201c von Pablo Picasso aus dem Jahr 1949. Dieses einzigartige Werk spricht B\u00e4nde \u00fcber k\u00fcnstlerische Vision. Holen Sie sich Ihres!\" \/>\n<meta property=\"og:url\" content=\"https:\/\/vandervorst-art.com\/de\/product\/pablo-picasso\/tete-de-jeune-fille-portrait-de-francoise\/\" \/>\n<meta property=\"og:site_name\" content=\"Van der Vorst \u2013 Art\" \/>\n<meta property=\"article:modified_time\" content=\"2026-01-19T10:36:36+00:00\" \/>\n<meta property=\"og:image\" content=\"https:\/\/vandervorst-art.com\/wp-content\/uploads\/2025\/10\/4658_023-20250826_173437-kopie-2-scaled-1.jpg\" \/>\n\t<meta property=\"og:image:width\" content=\"1886\" \/>\n\t<meta property=\"og:image:height\" content=\"2560\" \/>\n\t<meta property=\"og:image:type\" content=\"image\/jpeg\" \/>\n<meta name=\"twitter:card\" content=\"summary_large_image\" \/>\n<meta name=\"twitter:label1\" content=\"Preis\" \/>\n\t<meta name=\"twitter:data1\" content=\"&euro;&nbsp;59.000\" \/>\n\t<meta name=\"twitter:label2\" content=\"Verf\u00fcgbarkeit\" \/>\n\t<meta name=\"twitter:data2\" content=\"Auf Lager\" \/>\n<script type=\"application\/ld+json\" class=\"yoast-schema-graph\">{\"@context\":\"https:\\\/\\\/schema.org\",\"@graph\":[{\"@type\":\"WebPage\",\"@id\":\"https:\\\/\\\/vandervorst-art.com\\\/de\\\/product\\\/pablo-picasso\\\/tete-de-jeune-fille-portrait-de-francoise\\\/\",\"url\":\"https:\\\/\\\/vandervorst-art.com\\\/de\\\/product\\\/pablo-picasso\\\/tete-de-jeune-fille-portrait-de-francoise\\\/\",\"name\":\"Pablo Picasso - Pablo Picasso T\u00eate de jeune fille Lithographie 1949 Kunst - Van der Vorst \u2013 Art\",\"isPartOf\":{\"@id\":\"https:\\\/\\\/vandervorst-art.com\\\/de\\\/#website\"},\"primaryImageOfPage\":{\"@id\":\"https:\\\/\\\/vandervorst-art.com\\\/de\\\/product\\\/pablo-picasso\\\/tete-de-jeune-fille-portrait-de-francoise\\\/#primaryimage\"},\"image\":{\"@id\":\"https:\\\/\\\/vandervorst-art.com\\\/de\\\/product\\\/pablo-picasso\\\/tete-de-jeune-fille-portrait-de-francoise\\\/#primaryimage\"},\"thumbnailUrl\":\"https:\\\/\\\/vandervorst-art.com\\\/wp-content\\\/uploads\\\/2025\\\/10\\\/4658_023-20250826_173437-kopie-2-scaled-1.jpg\",\"datePublished\":\"2025-10-07T10:59:33+00:00\",\"dateModified\":\"2026-01-19T10:36:36+00:00\",\"description\":\"Erweitern Sie Ihre Kunstsammlung mit der Lithografie \u201eT\u00eate de jeune fille\u201c von Pablo Picasso aus dem Jahr 1949. Dieses einzigartige Werk spricht B\u00e4nde \u00fcber k\u00fcnstlerische Vision. Holen Sie sich Ihres!\",\"breadcrumb\":{\"@id\":\"https:\\\/\\\/vandervorst-art.com\\\/de\\\/product\\\/pablo-picasso\\\/tete-de-jeune-fille-portrait-de-francoise\\\/#breadcrumb\"},\"inLanguage\":\"de\",\"potentialAction\":[{\"@type\":\"ReadAction\",\"target\":[\"https:\\\/\\\/vandervorst-art.com\\\/de\\\/product\\\/pablo-picasso\\\/tete-de-jeune-fille-portrait-de-francoise\\\/\"]}]},{\"@type\":\"ImageObject\",\"inLanguage\":\"de\",\"@id\":\"https:\\\/\\\/vandervorst-art.com\\\/de\\\/product\\\/pablo-picasso\\\/tete-de-jeune-fille-portrait-de-francoise\\\/#primaryimage\",\"url\":\"https:\\\/\\\/vandervorst-art.com\\\/wp-content\\\/uploads\\\/2025\\\/10\\\/4658_023-20250826_173437-kopie-2-scaled-1.jpg\",\"contentUrl\":\"https:\\\/\\\/vandervorst-art.com\\\/wp-content\\\/uploads\\\/2025\\\/10\\\/4658_023-20250826_173437-kopie-2-scaled-1.jpg\",\"width\":1886,\"height\":2560,\"caption\":\"Pablo Picasso T\u00eate de jeune fille Lithographie 1949 signierter Druck\"},{\"@type\":\"BreadcrumbList\",\"@id\":\"https:\\\/\\\/vandervorst-art.com\\\/de\\\/product\\\/pablo-picasso\\\/tete-de-jeune-fille-portrait-de-francoise\\\/#breadcrumb\",\"itemListElement\":[{\"@type\":\"ListItem\",\"position\":1,\"name\":\"Heim\",\"item\":\"https:\\\/\\\/vandervorst-art.com\\\/de\\\/kuenstler\\\/\"},{\"@type\":\"ListItem\",\"position\":2,\"name\":\"Shop\",\"item\":\"https:\\\/\\\/vandervorst-art.com\\\/de\\\/shop\\\/\"},{\"@type\":\"ListItem\",\"position\":3,\"name\":\"T\u00eate de jeune fille \u2013 Portrait de Fran\u00e7oise\"}]},{\"@type\":\"WebSite\",\"@id\":\"https:\\\/\\\/vandervorst-art.com\\\/de\\\/#website\",\"url\":\"https:\\\/\\\/vandervorst-art.com\\\/de\\\/\",\"name\":\"Van der Vorst \u2013 Art\",\"description\":\"\",\"publisher\":{\"@id\":\"https:\\\/\\\/vandervorst-art.com\\\/de\\\/#organization\"},\"potentialAction\":[{\"@type\":\"SearchAction\",\"target\":{\"@type\":\"EntryPoint\",\"urlTemplate\":\"https:\\\/\\\/vandervorst-art.com\\\/de\\\/?s={search_term_string}\"},\"query-input\":{\"@type\":\"PropertyValueSpecification\",\"valueRequired\":true,\"valueName\":\"search_term_string\"}}],\"inLanguage\":\"de\"},{\"@type\":\"Organization\",\"@id\":\"https:\\\/\\\/vandervorst-art.com\\\/de\\\/#organization\",\"name\":\"Van der Vorst \u2013 Art\",\"url\":\"https:\\\/\\\/vandervorst-art.com\\\/de\\\/\",\"logo\":{\"@type\":\"ImageObject\",\"inLanguage\":\"de\",\"@id\":\"https:\\\/\\\/vandervorst-art.com\\\/de\\\/#\\\/schema\\\/logo\\\/image\\\/\",\"url\":\"https:\\\/\\\/vandervorst-art.com\\\/wp-content\\\/uploads\\\/2025\\\/10\\\/GuidoLogo_H2.svg\",\"contentUrl\":\"https:\\\/\\\/vandervorst-art.com\\\/wp-content\\\/uploads\\\/2025\\\/10\\\/GuidoLogo_H2.svg\",\"width\":3000,\"height\":786,\"caption\":\"Van der Vorst \u2013 Art\"},\"image\":{\"@id\":\"https:\\\/\\\/vandervorst-art.com\\\/de\\\/#\\\/schema\\\/logo\\\/image\\\/\"},\"sameAs\":[\"https:\\\/\\\/www.instagram.com\\\/vandervorstart\\\/\",\"https:\\\/\\\/www.youtube.com\\\/@vandervorst-art3733\"]}]}<\/script>\n<meta property=\"product:price:amount\" content=\"59000\" \/>\n<meta property=\"product:price:currency\" content=\"EUR\" \/>\n<meta property=\"og:availability\" content=\"instock\" \/>\n<meta property=\"product:availability\" content=\"instock\" \/>\n<meta property=\"product:condition\" content=\"new\" \/>\n<!-- \/ Yoast SEO Premium plugin. -->","yoast_head_json":{"title":"Pablo Picasso - Pablo Picasso T\u00eate de jeune fille Lithographie 1949 Kunst - Van der Vorst \u2013 Art","description":"Erweitern Sie Ihre Kunstsammlung mit der Lithografie \u201eT\u00eate de jeune fille\u201c von Pablo Picasso aus dem Jahr 1949. Dieses einzigartige Werk spricht B\u00e4nde \u00fcber k\u00fcnstlerische Vision. Holen Sie sich Ihres!","robots":{"index":"index","follow":"follow","max-snippet":"max-snippet:-1","max-image-preview":"max-image-preview:large","max-video-preview":"max-video-preview:-1"},"canonical":"https:\/\/vandervorst-art.com\/de\/product\/pablo-picasso\/tete-de-jeune-fille-portrait-de-francoise\/","og_locale":"de_DE","og_type":"article","og_title":"T\u00eate de jeune fille \u2013 Portrait de Fran\u00e7oise","og_description":"Erweitern Sie Ihre Kunstsammlung mit der Lithografie \u201eT\u00eate de jeune fille\u201c von Pablo Picasso aus dem Jahr 1949. Dieses einzigartige Werk spricht B\u00e4nde \u00fcber k\u00fcnstlerische Vision. Holen Sie sich Ihres!","og_url":"https:\/\/vandervorst-art.com\/de\/product\/pablo-picasso\/tete-de-jeune-fille-portrait-de-francoise\/","og_site_name":"Van der Vorst \u2013 Art","article_modified_time":"2026-01-19T10:36:36+00:00","og_image":[{"width":1886,"height":2560,"url":"https:\/\/vandervorst-art.com\/wp-content\/uploads\/2025\/10\/4658_023-20250826_173437-kopie-2-scaled-1.jpg","type":"image\/jpeg"}],"twitter_card":"summary_large_image","twitter_misc":{"Preis":"&euro;&nbsp;59.000","Verf\u00fcgbarkeit":"Auf Lager"},"schema":{"@context":"https:\/\/schema.org","@graph":[{"@type":"WebPage","@id":"https:\/\/vandervorst-art.com\/de\/product\/pablo-picasso\/tete-de-jeune-fille-portrait-de-francoise\/","url":"https:\/\/vandervorst-art.com\/de\/product\/pablo-picasso\/tete-de-jeune-fille-portrait-de-francoise\/","name":"Pablo Picasso - Pablo Picasso T\u00eate de jeune fille Lithographie 1949 Kunst - Van der Vorst \u2013 Art","isPartOf":{"@id":"https:\/\/vandervorst-art.com\/de\/#website"},"primaryImageOfPage":{"@id":"https:\/\/vandervorst-art.com\/de\/product\/pablo-picasso\/tete-de-jeune-fille-portrait-de-francoise\/#primaryimage"},"image":{"@id":"https:\/\/vandervorst-art.com\/de\/product\/pablo-picasso\/tete-de-jeune-fille-portrait-de-francoise\/#primaryimage"},"thumbnailUrl":"https:\/\/vandervorst-art.com\/wp-content\/uploads\/2025\/10\/4658_023-20250826_173437-kopie-2-scaled-1.jpg","datePublished":"2025-10-07T10:59:33+00:00","dateModified":"2026-01-19T10:36:36+00:00","description":"Erweitern Sie Ihre Kunstsammlung mit der Lithografie \u201eT\u00eate de jeune fille\u201c von Pablo Picasso aus dem Jahr 1949. Dieses einzigartige Werk spricht B\u00e4nde \u00fcber k\u00fcnstlerische Vision. Holen Sie sich Ihres!","breadcrumb":{"@id":"https:\/\/vandervorst-art.com\/de\/product\/pablo-picasso\/tete-de-jeune-fille-portrait-de-francoise\/#breadcrumb"},"inLanguage":"de","potentialAction":[{"@type":"ReadAction","target":["https:\/\/vandervorst-art.com\/de\/product\/pablo-picasso\/tete-de-jeune-fille-portrait-de-francoise\/"]}]},{"@type":"ImageObject","inLanguage":"de","@id":"https:\/\/vandervorst-art.com\/de\/product\/pablo-picasso\/tete-de-jeune-fille-portrait-de-francoise\/#primaryimage","url":"https:\/\/vandervorst-art.com\/wp-content\/uploads\/2025\/10\/4658_023-20250826_173437-kopie-2-scaled-1.jpg","contentUrl":"https:\/\/vandervorst-art.com\/wp-content\/uploads\/2025\/10\/4658_023-20250826_173437-kopie-2-scaled-1.jpg","width":1886,"height":2560,"caption":"Pablo Picasso T\u00eate de jeune fille Lithographie 1949 signierter Druck"},{"@type":"BreadcrumbList","@id":"https:\/\/vandervorst-art.com\/de\/product\/pablo-picasso\/tete-de-jeune-fille-portrait-de-francoise\/#breadcrumb","itemListElement":[{"@type":"ListItem","position":1,"name":"Heim","item":"https:\/\/vandervorst-art.com\/de\/kuenstler\/"},{"@type":"ListItem","position":2,"name":"Shop","item":"https:\/\/vandervorst-art.com\/de\/shop\/"},{"@type":"ListItem","position":3,"name":"T\u00eate de jeune fille \u2013 Portrait de Fran\u00e7oise"}]},{"@type":"WebSite","@id":"https:\/\/vandervorst-art.com\/de\/#website","url":"https:\/\/vandervorst-art.com\/de\/","name":"Van der Vorst \u2013 Art","description":"","publisher":{"@id":"https:\/\/vandervorst-art.com\/de\/#organization"},"potentialAction":[{"@type":"SearchAction","target":{"@type":"EntryPoint","urlTemplate":"https:\/\/vandervorst-art.com\/de\/?s={search_term_string}"},"query-input":{"@type":"PropertyValueSpecification","valueRequired":true,"valueName":"search_term_string"}}],"inLanguage":"de"},{"@type":"Organization","@id":"https:\/\/vandervorst-art.com\/de\/#organization","name":"Van der Vorst \u2013 Art","url":"https:\/\/vandervorst-art.com\/de\/","logo":{"@type":"ImageObject","inLanguage":"de","@id":"https:\/\/vandervorst-art.com\/de\/#\/schema\/logo\/image\/","url":"https:\/\/vandervorst-art.com\/wp-content\/uploads\/2025\/10\/GuidoLogo_H2.svg","contentUrl":"https:\/\/vandervorst-art.com\/wp-content\/uploads\/2025\/10\/GuidoLogo_H2.svg","width":3000,"height":786,"caption":"Van der Vorst \u2013 Art"},"image":{"@id":"https:\/\/vandervorst-art.com\/de\/#\/schema\/logo\/image\/"},"sameAs":["https:\/\/www.instagram.com\/vandervorstart\/","https:\/\/www.youtube.com\/@vandervorst-art3733"]}]},"product_price_amount":"59000","product_price_currency":"EUR","og_availability":"instock","product_availability":"instock","product_condition":"new"},"_links":{"self":[{"href":"https:\/\/vandervorst-art.com\/de\/wp-json\/wp\/v2\/product\/4058","targetHints":{"allow":["GET"]}}],"collection":[{"href":"https:\/\/vandervorst-art.com\/de\/wp-json\/wp\/v2\/product"}],"about":[{"href":"https:\/\/vandervorst-art.com\/de\/wp-json\/wp\/v2\/types\/product"}],"wp:featuredmedia":[{"embeddable":true,"href":"https:\/\/vandervorst-art.com\/de\/wp-json\/wp\/v2\/media\/4059"}],"wp:attachment":[{"href":"https:\/\/vandervorst-art.com\/de\/wp-json\/wp\/v2\/media?parent=4058"}],"wp:term":[{"taxonomy":"product_brand","embeddable":true,"href":"https:\/\/vandervorst-art.com\/de\/wp-json\/wp\/v2\/product_brand?post=4058"},{"taxonomy":"product_cat","embeddable":true,"href":"https:\/\/vandervorst-art.com\/de\/wp-json\/wp\/v2\/product_cat?post=4058"},{"taxonomy":"product_tag","embeddable":true,"href":"https:\/\/vandervorst-art.com\/de\/wp-json\/wp\/v2\/product_tag?post=4058"}],"curies":[{"name":"wp","href":"https:\/\/api.w.org\/{rel}","templated":true}]}}