{"id":3496,"date":"2025-10-07T10:47:10","date_gmt":"2025-10-07T10:47:10","guid":{"rendered":"https:\/\/vandervorst-art.com\/product\/unkategorisiert\/derriere-le-miroir-francis-bacon-1966\/"},"modified":"2025-10-14T16:08:35","modified_gmt":"2025-10-14T16:08:35","slug":"derriere-le-miroir-francis-bacon-1966","status":"publish","type":"product","link":"https:\/\/vandervorst-art.com\/de\/product\/francis-bacon\/derriere-le-miroir-francis-bacon-1966\/","title":{"rendered":"Derriere Le Miroir \u2013 Francis Bacon, 1966"},"content":{"rendered":"<p><strong>Derriere Le Miroir \u2013 Francis Bacon, 1966<\/strong><br \/>\n 1 von 150 Luxusexemplaren auf V\u00e9lin de Rives<br \/>\n Diese Kopie wurde vom Herausgeber auf der Begr\u00fcndungsseite mit Bleistift mit HC (\u201ehors-commerce\u201c) begr\u00fcndet.<br \/>\n Paris, Maeght-Hrsg., 1966.<br \/>\n Infolio (382 x 282 mm) in Bl\u00e4ttern, 34 Seiten.<\/p>\n<p>5 Farblithographien nach Gem\u00e4lden von Francis Bacon.<br \/>\n 8 Farbreproduktionen, darunter 1 Triptychon auf drei Seiten, 5 Reproduktionen in Schwarz.<br \/>\n Text von Michel Leiris und Interview mit Francis Bacon von David Sylvester.<\/p>\n<p>Pr\u00e4chtiges Exemplar mit sehr sch\u00f6nen Lithographien.<br \/>\n In einem hervorragenden Zustand.<\/p>\n<p>Ausgabe von DLM, gewidmet Francis Bacon, komplett mit f\u00fcnf Einzelblatt-Farblithografien und einem ausklappbaren Farbtriptychon von Bacon.<br \/>\n Ver\u00f6ffentlicht 1966 zur Ausstellung von 17 Gem\u00e4lden in der Galerie Maeght.<br \/>\n Text von Michel Leiris und Interview mit Francis Bacon von David Sylvester. Neben den Lithografien enth\u00e4lt der Band zahlreiche Farb- und Schwarzwei\u00dfabbildungen von Bacons Werk. Folio, lose Bl\u00e4tter in originalem Bildumschlag, wie ausgegeben, originale gr\u00fcne Pappschachtel und Hemd. Buch und Schuber sind in sch\u00f6nem Zustand.   <\/p>\n","protected":false},"excerpt":{"rendered":"<p>Derriere Le Miroir \u2013 Francis Bacon, 1966 1 von 150 Luxusexemplaren auf V\u00e9lin de Rives Diese Kopie wurde vom Herausgeber auf der Begr\u00fcndungsseite mit Bleistift mit HC (\u201ehors-commerce\u201c) begr\u00fcndet. Paris,&hellip;<\/p>\n","protected":false},"featured_media":3500,"template":"","meta":{"_acf_changed":false,"inline_featured_image":false},"product_brand":[],"product_cat":[79],"product_tag":[],"class_list":{"0":"post-3496","1":"product","2":"type-product","3":"status-publish","4":"has-post-thumbnail","6":"product_cat-francis-bacon","7":"product_shipping_class-weltweit-ungerahmtes-medium","9":"first","10":"instock","11":"sold-individually","12":"purchasable","13":"product-type-simple","14":"layout-style-2","15":"col-md-4 col-sm-4 col-xs-6","16":"col-lg-3","17":"product-style-addtocart"},"acf":[],"yoast_head":"<!-- This site is optimized with the Yoast SEO Premium plugin v27.3 (Yoast SEO v27.3) - https:\/\/yoast.com\/product\/yoast-seo-premium-wordpress\/ -->\n<title>Francis Bacon - Derriere Le Miroir \u2013 Francis Bacon, 1966 - Van der Vorst \u2013 Art<\/title>\n<meta name=\"robots\" content=\"index, follow, max-snippet:-1, max-image-preview:large, max-video-preview:-1\" \/>\n<link rel=\"canonical\" href=\"https:\/\/vandervorst-art.com\/de\/product\/francis-bacon\/derriere-le-miroir-francis-bacon-1966\/\" \/>\n<meta property=\"og:locale\" content=\"de_DE\" \/>\n<meta property=\"og:type\" content=\"article\" \/>\n<meta property=\"og:title\" content=\"Derriere Le Miroir \u2013 Francis Bacon, 1966\" \/>\n<meta property=\"og:url\" content=\"https:\/\/vandervorst-art.com\/de\/product\/francis-bacon\/derriere-le-miroir-francis-bacon-1966\/\" \/>\n<meta property=\"og:site_name\" content=\"Van der Vorst \u2013 Art\" \/>\n<meta property=\"article:modified_time\" content=\"2025-10-14T16:08:35+00:00\" \/>\n<meta property=\"og:image\" content=\"https:\/\/vandervorst-art.com\/wp-content\/uploads\/2025\/10\/Dlm-162.jpg\" \/>\n\t<meta property=\"og:image:width\" content=\"1000\" \/>\n\t<meta property=\"og:image:height\" content=\"1000\" \/>\n\t<meta property=\"og:image:type\" content=\"image\/jpeg\" \/>\n<meta name=\"twitter:card\" content=\"summary_large_image\" \/>\n<meta name=\"twitter:label1\" content=\"Preis\" \/>\n\t<meta name=\"twitter:data1\" content=\"&euro;&nbsp;5.500\" \/>\n\t<meta name=\"twitter:label2\" content=\"Verf\u00fcgbarkeit\" \/>\n\t<meta name=\"twitter:data2\" content=\"Auf Lager\" \/>\n<script type=\"application\/ld+json\" class=\"yoast-schema-graph\">{\"@context\":\"https:\\\/\\\/schema.org\",\"@graph\":[{\"@type\":\"WebPage\",\"@id\":\"https:\\\/\\\/vandervorst-art.com\\\/de\\\/product\\\/francis-bacon\\\/derriere-le-miroir-francis-bacon-1966\\\/\",\"url\":\"https:\\\/\\\/vandervorst-art.com\\\/de\\\/product\\\/francis-bacon\\\/derriere-le-miroir-francis-bacon-1966\\\/\",\"name\":\"Francis Bacon - Derriere Le Miroir \u2013 Francis Bacon, 1966 - Van der Vorst \u2013 Art\",\"isPartOf\":{\"@id\":\"https:\\\/\\\/vandervorst-art.com\\\/de\\\/#website\"},\"primaryImageOfPage\":{\"@id\":\"https:\\\/\\\/vandervorst-art.com\\\/de\\\/product\\\/francis-bacon\\\/derriere-le-miroir-francis-bacon-1966\\\/#primaryimage\"},\"image\":{\"@id\":\"https:\\\/\\\/vandervorst-art.com\\\/de\\\/product\\\/francis-bacon\\\/derriere-le-miroir-francis-bacon-1966\\\/#primaryimage\"},\"thumbnailUrl\":\"https:\\\/\\\/vandervorst-art.com\\\/wp-content\\\/uploads\\\/2025\\\/10\\\/Dlm-162.jpg\",\"datePublished\":\"2025-10-07T10:47:10+00:00\",\"dateModified\":\"2025-10-14T16:08:35+00:00\",\"breadcrumb\":{\"@id\":\"https:\\\/\\\/vandervorst-art.com\\\/de\\\/product\\\/francis-bacon\\\/derriere-le-miroir-francis-bacon-1966\\\/#breadcrumb\"},\"inLanguage\":\"de\",\"potentialAction\":[{\"@type\":\"ReadAction\",\"target\":[\"https:\\\/\\\/vandervorst-art.com\\\/de\\\/product\\\/francis-bacon\\\/derriere-le-miroir-francis-bacon-1966\\\/\"]}]},{\"@type\":\"ImageObject\",\"inLanguage\":\"de\",\"@id\":\"https:\\\/\\\/vandervorst-art.com\\\/de\\\/product\\\/francis-bacon\\\/derriere-le-miroir-francis-bacon-1966\\\/#primaryimage\",\"url\":\"https:\\\/\\\/vandervorst-art.com\\\/wp-content\\\/uploads\\\/2025\\\/10\\\/Dlm-162.jpg\",\"contentUrl\":\"https:\\\/\\\/vandervorst-art.com\\\/wp-content\\\/uploads\\\/2025\\\/10\\\/Dlm-162.jpg\",\"width\":1000,\"height\":1000},{\"@type\":\"BreadcrumbList\",\"@id\":\"https:\\\/\\\/vandervorst-art.com\\\/de\\\/product\\\/francis-bacon\\\/derriere-le-miroir-francis-bacon-1966\\\/#breadcrumb\",\"itemListElement\":[{\"@type\":\"ListItem\",\"position\":1,\"name\":\"Heim\",\"item\":\"https:\\\/\\\/vandervorst-art.com\\\/de\\\/kuenstler\\\/\"},{\"@type\":\"ListItem\",\"position\":2,\"name\":\"Shop\",\"item\":\"https:\\\/\\\/vandervorst-art.com\\\/de\\\/shop\\\/\"},{\"@type\":\"ListItem\",\"position\":3,\"name\":\"Derriere Le Miroir \u2013 Francis Bacon, 1966\"}]},{\"@type\":\"WebSite\",\"@id\":\"https:\\\/\\\/vandervorst-art.com\\\/de\\\/#website\",\"url\":\"https:\\\/\\\/vandervorst-art.com\\\/de\\\/\",\"name\":\"Van der Vorst \u2013 Art\",\"description\":\"\",\"publisher\":{\"@id\":\"https:\\\/\\\/vandervorst-art.com\\\/de\\\/#organization\"},\"potentialAction\":[{\"@type\":\"SearchAction\",\"target\":{\"@type\":\"EntryPoint\",\"urlTemplate\":\"https:\\\/\\\/vandervorst-art.com\\\/de\\\/?s={search_term_string}\"},\"query-input\":{\"@type\":\"PropertyValueSpecification\",\"valueRequired\":true,\"valueName\":\"search_term_string\"}}],\"inLanguage\":\"de\"},{\"@type\":\"Organization\",\"@id\":\"https:\\\/\\\/vandervorst-art.com\\\/de\\\/#organization\",\"name\":\"Van der Vorst \u2013 Art\",\"url\":\"https:\\\/\\\/vandervorst-art.com\\\/de\\\/\",\"logo\":{\"@type\":\"ImageObject\",\"inLanguage\":\"de\",\"@id\":\"https:\\\/\\\/vandervorst-art.com\\\/de\\\/#\\\/schema\\\/logo\\\/image\\\/\",\"url\":\"https:\\\/\\\/vandervorst-art.com\\\/wp-content\\\/uploads\\\/2025\\\/10\\\/GuidoLogo_H2.svg\",\"contentUrl\":\"https:\\\/\\\/vandervorst-art.com\\\/wp-content\\\/uploads\\\/2025\\\/10\\\/GuidoLogo_H2.svg\",\"width\":3000,\"height\":786,\"caption\":\"Van der Vorst \u2013 Art\"},\"image\":{\"@id\":\"https:\\\/\\\/vandervorst-art.com\\\/de\\\/#\\\/schema\\\/logo\\\/image\\\/\"},\"sameAs\":[\"https:\\\/\\\/www.instagram.com\\\/vandervorstart\\\/\",\"https:\\\/\\\/www.youtube.com\\\/@vandervorst-art3733\"]}]}<\/script>\n<meta property=\"product:price:amount\" content=\"5500\" \/>\n<meta property=\"product:price:currency\" content=\"EUR\" \/>\n<meta property=\"og:availability\" content=\"instock\" \/>\n<meta property=\"product:availability\" content=\"instock\" \/>\n<meta property=\"product:condition\" content=\"new\" \/>\n<!-- \/ Yoast SEO Premium plugin. -->","yoast_head_json":{"title":"Francis Bacon - Derriere Le Miroir \u2013 Francis Bacon, 1966 - Van der Vorst \u2013 Art","robots":{"index":"index","follow":"follow","max-snippet":"max-snippet:-1","max-image-preview":"max-image-preview:large","max-video-preview":"max-video-preview:-1"},"canonical":"https:\/\/vandervorst-art.com\/de\/product\/francis-bacon\/derriere-le-miroir-francis-bacon-1966\/","og_locale":"de_DE","og_type":"article","og_title":"Derriere Le Miroir \u2013 Francis Bacon, 1966","og_url":"https:\/\/vandervorst-art.com\/de\/product\/francis-bacon\/derriere-le-miroir-francis-bacon-1966\/","og_site_name":"Van der Vorst \u2013 Art","article_modified_time":"2025-10-14T16:08:35+00:00","og_image":[{"width":1000,"height":1000,"url":"https:\/\/vandervorst-art.com\/wp-content\/uploads\/2025\/10\/Dlm-162.jpg","type":"image\/jpeg"}],"twitter_card":"summary_large_image","twitter_misc":{"Preis":"&euro;&nbsp;5.500","Verf\u00fcgbarkeit":"Auf Lager"},"schema":{"@context":"https:\/\/schema.org","@graph":[{"@type":"WebPage","@id":"https:\/\/vandervorst-art.com\/de\/product\/francis-bacon\/derriere-le-miroir-francis-bacon-1966\/","url":"https:\/\/vandervorst-art.com\/de\/product\/francis-bacon\/derriere-le-miroir-francis-bacon-1966\/","name":"Francis Bacon - Derriere Le Miroir \u2013 Francis Bacon, 1966 - Van der Vorst \u2013 Art","isPartOf":{"@id":"https:\/\/vandervorst-art.com\/de\/#website"},"primaryImageOfPage":{"@id":"https:\/\/vandervorst-art.com\/de\/product\/francis-bacon\/derriere-le-miroir-francis-bacon-1966\/#primaryimage"},"image":{"@id":"https:\/\/vandervorst-art.com\/de\/product\/francis-bacon\/derriere-le-miroir-francis-bacon-1966\/#primaryimage"},"thumbnailUrl":"https:\/\/vandervorst-art.com\/wp-content\/uploads\/2025\/10\/Dlm-162.jpg","datePublished":"2025-10-07T10:47:10+00:00","dateModified":"2025-10-14T16:08:35+00:00","breadcrumb":{"@id":"https:\/\/vandervorst-art.com\/de\/product\/francis-bacon\/derriere-le-miroir-francis-bacon-1966\/#breadcrumb"},"inLanguage":"de","potentialAction":[{"@type":"ReadAction","target":["https:\/\/vandervorst-art.com\/de\/product\/francis-bacon\/derriere-le-miroir-francis-bacon-1966\/"]}]},{"@type":"ImageObject","inLanguage":"de","@id":"https:\/\/vandervorst-art.com\/de\/product\/francis-bacon\/derriere-le-miroir-francis-bacon-1966\/#primaryimage","url":"https:\/\/vandervorst-art.com\/wp-content\/uploads\/2025\/10\/Dlm-162.jpg","contentUrl":"https:\/\/vandervorst-art.com\/wp-content\/uploads\/2025\/10\/Dlm-162.jpg","width":1000,"height":1000},{"@type":"BreadcrumbList","@id":"https:\/\/vandervorst-art.com\/de\/product\/francis-bacon\/derriere-le-miroir-francis-bacon-1966\/#breadcrumb","itemListElement":[{"@type":"ListItem","position":1,"name":"Heim","item":"https:\/\/vandervorst-art.com\/de\/kuenstler\/"},{"@type":"ListItem","position":2,"name":"Shop","item":"https:\/\/vandervorst-art.com\/de\/shop\/"},{"@type":"ListItem","position":3,"name":"Derriere Le Miroir \u2013 Francis Bacon, 1966"}]},{"@type":"WebSite","@id":"https:\/\/vandervorst-art.com\/de\/#website","url":"https:\/\/vandervorst-art.com\/de\/","name":"Van der Vorst \u2013 Art","description":"","publisher":{"@id":"https:\/\/vandervorst-art.com\/de\/#organization"},"potentialAction":[{"@type":"SearchAction","target":{"@type":"EntryPoint","urlTemplate":"https:\/\/vandervorst-art.com\/de\/?s={search_term_string}"},"query-input":{"@type":"PropertyValueSpecification","valueRequired":true,"valueName":"search_term_string"}}],"inLanguage":"de"},{"@type":"Organization","@id":"https:\/\/vandervorst-art.com\/de\/#organization","name":"Van der Vorst \u2013 Art","url":"https:\/\/vandervorst-art.com\/de\/","logo":{"@type":"ImageObject","inLanguage":"de","@id":"https:\/\/vandervorst-art.com\/de\/#\/schema\/logo\/image\/","url":"https:\/\/vandervorst-art.com\/wp-content\/uploads\/2025\/10\/GuidoLogo_H2.svg","contentUrl":"https:\/\/vandervorst-art.com\/wp-content\/uploads\/2025\/10\/GuidoLogo_H2.svg","width":3000,"height":786,"caption":"Van der Vorst \u2013 Art"},"image":{"@id":"https:\/\/vandervorst-art.com\/de\/#\/schema\/logo\/image\/"},"sameAs":["https:\/\/www.instagram.com\/vandervorstart\/","https:\/\/www.youtube.com\/@vandervorst-art3733"]}]},"product_price_amount":"5500","product_price_currency":"EUR","og_availability":"instock","product_availability":"instock","product_condition":"new"},"_links":{"self":[{"href":"https:\/\/vandervorst-art.com\/de\/wp-json\/wp\/v2\/product\/3496","targetHints":{"allow":["GET"]}}],"collection":[{"href":"https:\/\/vandervorst-art.com\/de\/wp-json\/wp\/v2\/product"}],"about":[{"href":"https:\/\/vandervorst-art.com\/de\/wp-json\/wp\/v2\/types\/product"}],"wp:featuredmedia":[{"embeddable":true,"href":"https:\/\/vandervorst-art.com\/de\/wp-json\/wp\/v2\/media\/3500"}],"wp:attachment":[{"href":"https:\/\/vandervorst-art.com\/de\/wp-json\/wp\/v2\/media?parent=3496"}],"wp:term":[{"taxonomy":"product_brand","embeddable":true,"href":"https:\/\/vandervorst-art.com\/de\/wp-json\/wp\/v2\/product_brand?post=3496"},{"taxonomy":"product_cat","embeddable":true,"href":"https:\/\/vandervorst-art.com\/de\/wp-json\/wp\/v2\/product_cat?post=3496"},{"taxonomy":"product_tag","embeddable":true,"href":"https:\/\/vandervorst-art.com\/de\/wp-json\/wp\/v2\/product_tag?post=3496"}],"curies":[{"name":"wp","href":"https:\/\/api.w.org\/{rel}","templated":true}]}}